{"id":22069,"date":"2018-02-22T08:11:49","date_gmt":"2018-02-22T07:11:49","guid":{"rendered":"http:\/\/enfants.jabsuisseromande.ch\/?page_id=22069"},"modified":"2024-12-12T12:35:43","modified_gmt":"2024-12-12T11:35:43","slug":"inscriptions-enfants","status":"publish","type":"page","link":"https:\/\/enfants.jabsuisseromande.ch\/index.php\/enfants\/pages-enfants\/camps-enfants\/inscriptions-enfants\/","title":{"rendered":"Inscriptions Online enfants \/ page d&rsquo;attente"},"content":{"rendered":"<div style=\"position: fixed; top: 0; left: 0; background: #3f8e05; width: 100%; height: 100%; z-index: -11;\">&nbsp;<\/div>\n<p>\n<script type=\"text\/javascript\">\/\/ <![CDATA[\nwindow.onload = function(){\n  window.location.href = \"#start\";\n}\n\/\/ ]]><\/script><\/p>\n<p id=\"start\">\n<p>&nbsp;<\/p>\n<p>&nbsp;<\/p>\n<p style=\"text-align: center;\"><span style=\"font-size: x-large; font-family: arial,helvetica,sans-serif; color: #000000;\"><strong>Bonjour !<\/strong><\/span><\/p>\n<p>&nbsp;<\/p>\n<p style=\"text-align: center;\"><span style=\"font-size: x-large; font-family: arial,helvetica,sans-serif; color: #000000;\"><strong>Les inscriptions pour les camps enfants<\/strong><\/span><\/p>\n<p style=\"text-align: center;\"><span style=\"font-size: x-large; font-family: arial,helvetica,sans-serif; color: #000000;\"><strong>ouvriront <span style=\"text-decoration: underline;\">le samedi 1 f\u00e9vrier 2025<\/span>, \u00e0 midi<\/strong><\/span><\/p>\n<p>&nbsp;<\/p>\n<p style=\"text-align: center;\"><span style=\"font-family: times new roman, times, serif; font-size: large;\"><strong>(Les r\u00e9servations ne sont pas possibles)<\/strong><\/span><\/p>\n<p>&nbsp;<\/p>\n<p>&nbsp;<\/p>\n<p style=\"text-align: center;\"><span style=\"font-family: times new roman, times, serif; font-size: large;\"><strong><span style=\"text-decoration: underline;\">Informations utiles \u00e0 conna\u00eetre avant les inscriptions<\/span><\/strong><\/span><\/p>\n<p>&nbsp;<\/p>\n<p style=\"text-align: center;\"><span style=\"font-family: times new roman, times, serif;\"><strong><span style=\"font-size: large;\">La JAB demande un acompte \u00e0 chaque inscription.<br \/>\nCet acompte (de 50 CHF\/\u20ac par enfant) sera demand\u00e9<br \/>\nde suite apr\u00e8s l\u2019inscription afin de valider celle-ci.<br \/>\nSans r\u00e9ception de l&rsquo;acompte (dans les 3 jours ouvrables),<br \/>\nl\u2019inscription pourra perdre son rang et se retrouver sur liste d\u2019attente.<br \/>\n<a href=\"https:\/\/enfants.jabsuisseromande.ch\/index.php\/enfants\/pages-enfants\/le-bon-coin\/contact\/#info_acompte\" target=\"_blank\" rel=\"noopener noreferrer\"><span style=\"color: #0000ff;\"> \u2192 plus d&rsquo;informations ici \u2190 <\/span><\/a><\/span><\/strong><\/span><\/p>\n<p>&nbsp;<\/p>\n<p style=\"text-align: center;\"><span style=\"font-family: times new roman, times, serif;\"><strong><span style=\"font-size: large;\">Par ailleurs, J+S demande le num\u00e9ro AVS de tout enfant en lien avec la Suisse<br \/>\n(de nationalit\u00e9 ou domicili\u00e9) \u2192 cf. cartes assurances maladie, allocations familiales, &#8230;<br \/>\nVous pouvez \u00e9galement vous adresser directement \u00e0 votre caisse maladie.<br \/>\nPensez donc \u00e0 vous munir du no AVS de chaque enfant avant son inscription.<\/span><\/strong><\/span><\/p>\n<p>&nbsp;<\/p>\n<p style=\"text-align: center;\"><span style=\"font-family: times new roman, times, serif;\"><strong><span style=\"font-size: large;\">Vous pouvez d&rsquo;ores et d\u00e9j\u00e0 trouver ici<br \/> \u2192 <a href=\"https:\/\/enfants.jabsuisseromande.ch\/index.php\/enfants\/pages-enfants\/camps-enfants\/conditions-generales\" target=\"_blank\" rel=\"noopener noreferrer\"><span style=\"color: #0000ff;\">les conditions g\u00e9n\u00e9rales<\/span><\/a> \u2190<br \/>\n\u00e0 lire et \u00e0 accepter lors de l&rsquo;inscription.<\/p>\n<p>&nbsp;<\/p>\n<p style=\"text-align: center;\"><span style=\"font-family: times new roman, times, serif; font-size: large;\"><strong><span style=\"text-decoration: underline;\">Notes :<\/span><\/strong><\/span><\/p>\n<p style=\"text-align: center;\"><span style=\"font-family: times new roman, times, serif;\"><strong><span style=\"font-size: large;\">Le camp 1 est le seul s\u00e9jour possible pour les enfants de 7 ans.<br \/>\nPour l&rsquo;inscription des enfants plus \u00e2g\u00e9s, merci de consid\u00e9rer<br \/>\nen premier les camps 2 et 3, si vous en avez la possibilit\u00e9.<br \/>\n<\/span><\/strong><\/span><\/p>\n<p style=\"text-align: center;\"><span style=\"font-family: times new roman, times, serif;\"><strong><span style=\"font-size: large;\">Certains points ci-dessus peuvent \u00eatre modifi\u00e9s ou \u00eatre compl\u00e9t\u00e9s jusqu&rsquo;\u00e0 fin janvier.<br \/>\nN&rsquo;h\u00e9sitez pas \u00e0 revenir ici avant l&rsquo;ouverture des inscriptions,<br \/>\nafin d&rsquo;avoir tous les \u00e9l\u00e9ments n\u00e9cessaires pour inscrire vos enfants.<br \/>\n<\/span><\/strong><\/span><\/p>\n<p>&nbsp;<\/p>\n<p style=\"text-align: center;\"><span style=\"font-family: comic sans ms,sans-serif; font-size: large;\"><span style=\"font-family: times new roman, times, serif;\"><strong>Merci pour votre lecture, \u00e0 bient\u00f4t !<\/strong><\/span><br \/>\n<\/span><\/p>\n<p>&nbsp;<\/p>\n<p style=\"text-align: center;\"><a href=\"https:\/\/enfants.jabsuisseromande.ch\/index.php\/enfants\/#jeu\"><img loading=\"lazy\" decoding=\"async\" class=\"aligncenter\" style=\"border: 0pt none;\" onmousedown=\"this.src='https:\/\/enfants.jabsuisseromande.ch\/wp-content\/uploads\/jab_enfants\/deco_pages\/banane_cadre2.gif';\" onmouseover=\"this.src='https:\/\/enfants.jabsuisseromande.ch\/wp-content\/uploads\/jab_enfants\/deco_pages\/banane_cadre_text.gif';\" onmouseout=\"this.src='https:\/\/enfants.jabsuisseromande.ch\/wp-content\/uploads\/jab_enfants\/deco_pages\/banane_mov_text.gif';\" alt=\"\" src=\"https:\/\/enfants.jabsuisseromande.ch\/wp-content\/uploads\/jab_enfants\/deco_pages\/banane_mov_text.gif\" width=\"250\" height=\"250\" \/><\/p>\n<p><img decoding=\"async\" style=\"display: none;\" alt=\"\" src=\"https:\/\/enfants.jabsuisseromande.ch\/wp-content\/uploads\/jab_enfants\/deco_pages\/banane_cadre2.gif\" \/><\/p>\n<p style=\"text-align: left;\"><strong><br \/>\n <\/strong><\/p>\n<p>&nbsp;<\/p>\n<p>&nbsp;<\/p>\n<p>&nbsp;<\/p>\n","protected":false},"excerpt":{"rendered":"<p>&nbsp; &nbsp; &nbsp; Bonjour ! &nbsp; Les inscriptions pour les camps enfants ouvriront le samedi 1 f\u00e9vrier 2025, \u00e0 midi &nbsp; (Les r\u00e9servations ne sont pas possibles) &nbsp; &nbsp; Informations utiles \u00e0 conna\u00eetre avant les inscriptions &nbsp; La JAB demande un acompte \u00e0 chaque inscription. Cet acompte (de 50 CHF\/\u20ac par enfant) sera demand\u00e9 de [&hellip;]<\/p>\n","protected":false},"author":3,"featured_media":0,"parent":22067,"menu_order":1,"comment_status":"closed","ping_status":"closed","template":"template-full-width.php","meta":{"ngg_post_thumbnail":0,"footnotes":""},"class_list":["post-22069","page","type-page","status-publish","hentry"],"_links":{"self":[{"href":"https:\/\/enfants.jabsuisseromande.ch\/index.php\/wp-json\/wp\/v2\/pages\/22069","targetHints":{"allow":["GET"]}}],"collection":[{"href":"https:\/\/enfants.jabsuisseromande.ch\/index.php\/wp-json\/wp\/v2\/pages"}],"about":[{"href":"https:\/\/enfants.jabsuisseromande.ch\/index.php\/wp-json\/wp\/v2\/types\/page"}],"author":[{"embeddable":true,"href":"https:\/\/enfants.jabsuisseromande.ch\/index.php\/wp-json\/wp\/v2\/users\/3"}],"replies":[{"embeddable":true,"href":"https:\/\/enfants.jabsuisseromande.ch\/index.php\/wp-json\/wp\/v2\/comments?post=22069"}],"version-history":[{"count":58,"href":"https:\/\/enfants.jabsuisseromande.ch\/index.php\/wp-json\/wp\/v2\/pages\/22069\/revisions"}],"predecessor-version":[{"id":22347,"href":"https:\/\/enfants.jabsuisseromande.ch\/index.php\/wp-json\/wp\/v2\/pages\/22069\/revisions\/22347"}],"up":[{"embeddable":true,"href":"https:\/\/enfants.jabsuisseromande.ch\/index.php\/wp-json\/wp\/v2\/pages\/22067"}],"wp:attachment":[{"href":"https:\/\/enfants.jabsuisseromande.ch\/index.php\/wp-json\/wp\/v2\/media?parent=22069"}],"curies":[{"name":"wp","href":"https:\/\/api.w.org\/{rel}","templated":true}]}}