{"id":26260,"date":"2020-10-13T21:26:21","date_gmt":"2020-10-13T20:26:21","guid":{"rendered":"http:\/\/enfants.jabsuisseromande.ch\/?page_id=26260"},"modified":"2025-07-05T20:31:52","modified_gmt":"2025-07-05T19:31:52","slug":"live","status":"publish","type":"page","link":"https:\/\/enfants.jabsuisseromande.ch\/index.php\/live\/","title":{"rendered":"\u00a0\u00a0\u00a0\u00a0Arzier en Live !\u00a0\u00a0"},"content":{"rendered":"<div style=\"position: fixed; top: 0; left: 0; background: #99ccff; width: 100%; height: 100%; z-index: -11;\"> <\/div>\n<p><span style=\"font-family: comic sans ms,sans-serif;\"><br \/>\n <\/span><\/p>\n<p id=\"start\">\n<p style=\"text-align: center;\"><strong><span style=\"font-family: comic sans ms,sans-serif;\"><span style=\"font-size: xx-large;\"><span style=\"color: #99ccff;\">&#8212;<\/span> Que se passe-t-il actuellement \u00e0 Arzier ? <span style=\"color: #99ccff;\">&#8212;<\/span><\/span><\/span><\/strong><\/p>\n<p>&nbsp;<\/p>\n<p style=\"text-align: left; padding-left: 60px;\"><span style=\"font-family: trebuchet ms,geneva;\"><strong><span style=\"font-size: medium;\">Et oui, nous vivons dans un monde connect\u00e9 et nous savons combien il est de plus en plus difficile<br \/>\nde passer quelques jours sans savoir ce que font nos enfants. Ainsi, depuis 2021, nous essayons de<br \/>\nfaire au mieux pour vous partager quelques nouvelles de la vie quotidienne du camp.<\/span><\/strong><\/span><br \/>\n<strong><span style=\"font-size: medium;\"><img loading=\"lazy\" decoding=\"async\" class=\"alignright\" style=\"margin-left: -15px; margin-right: -15px; border: 0px none;\" <img loading=\"lazy\" decoding=\"async\" onclick=\"pop=window.open('https:\/\/enfants.jabsuisseromande.ch\/wp-content\/uploads\/jab_enfants\/deco_pages\/facteur_lent3.gif','','width=500,height=500,left='+(screen.availWidth\/2-250)+',top='+(screen.availHeight\/2-250)+'');(setTimeout('pop.close()',5000));return false;\" onmousedown=\"this.src='https:\/\/enfants.jabsuisseromande.ch\/wp-content\/uploads\/jab_enfants\/web\/mailbox5b.jpg';\" onmouseup=\"this.src='https:\/\/enfants.jabsuisseromande.ch\/wp-content\/uploads\/jab_enfants\/web\/patience.jpg';\" onmouseover=\"this.src='https:\/\/enfants.jabsuisseromande.ch\/wp-content\/uploads\/jab_enfants\/web\/mailbox5c.jpg';\" onmouseout=\"this.src='https:\/\/enfants.jabsuisseromande.ch\/wp-content\/uploads\/jab_enfants\/web\/mailbox5b.jpg';\" alt=\"\" src=\"https:\/\/enfants.jabsuisseromande.ch\/wp-content\/uploads\/jab_enfants\/web\/mailbox5b.jpg\" width=\"121\" height=\"135\" \/><\/a><\/span><\/strong><\/p>\n<p style=\"text-align: left; padding-left: 60px;\"><span style=\"font-family: trebuchet ms,geneva;\"><strong><span style=\"font-size: medium;\"><br \/>\nN&rsquo;oubliez pas que les enfants appr\u00e9cient \u00e9galement recevoir de vos nouvelles par courrier postal.<br \/>\nOr, si vous leur envoyez une petite carte, pensez \u00e0 le faire au d\u00e9but de la semaine.<br \/>\nNous avons en effet remarqu\u00e9 que la poste ne respecte pas les d\u00e9lais, malgr\u00e9 plusieurs d\u00e9marches infructueuses. Ainsi, une lettre qui part le mercredi, surtout depuis l&rsquo;\u00e9tranger, a moins (voire peu)<br \/>\nde chance d&rsquo;arriver \u00e0 la colo avant la fin du camp (cliquer sur la boite pour en saisir le sens ==> ).<\/span><\/strong><\/span><span style=\"font-size: medium; font-family: trebuchet ms,geneva;\"><span style=\"text-decoration: underline;\"><br \/>\n<\/span><\/span><\/p>\n<p style=\"text-align: left; padding-left: 60px;\"><span style=\"font-family: trebuchet ms,geneva;\"><strong><span style=\"font-size: medium;\"><br \/>\nVoil\u00e0, maintenant, pour nous rejoindre, il n&rsquo;y a plus qu&rsquo;\u00e0 choisir votre camp. Et c&rsquo;est parti !<\/span><\/strong><\/span><br \/>\n<\/span><\/span><\/p>\n<p>&nbsp;<\/p>\n<table style=\"width: 924px; height: 455px;\" border=\"0\" frame=\"void\">\n<tbody>\n<tr>\n<td style=\"width: 756px; height: 455px;\"><img loading=\"lazy\" decoding=\"async\" class=\"alignnone\" onmousedown=\"this.src='https:\/\/enfants.jabsuisseromande.ch\/wp-content\/gallery\/jab_enfants\/live\/3.jpg';\" onmouseup=\"this.src='https:\/\/enfants.jabsuisseromande.ch\/wp-content\/gallery\/jab_enfants\/live\/2.jpg';\" onmouseover=\"this.src='https:\/\/enfants.jabsuisseromande.ch\/wp-content\/gallery\/jab_enfants\/live\/2b.jpg';\" onmouseout=\"this.src='https:\/\/enfants.jabsuisseromande.ch\/wp-content\/gallery\/jab_enfants\/live\/1.jpg';\" alt=\"\" src=\"https:\/\/enfants.jabsuisseromande.ch\/wp-content\/gallery\/jab_enfants\/live\/1.jpg\" width=\"820\" height=\"462\" \/><\/td>\n<td style=\"background-color: #03a525; height: 455px; width: 300px;\" valign=\"top\">\n<p style=\"text-align: center;\">\n<p style=\"text-align: center;\"><a href=\"https:\/\/enfants.jabsuisseromande.ch\/index.php\/live\/live-old\"><span style=\"color: #0eec3d;\"><span style=\"font-size: large;\"><strong><span style=\"font-family: comic sans ms,sans-serif;\">Arzier<br \/>\n2025<\/span><\/strong><\/span><\/span><\/a><\/p>\n<p style=\"text-align: center;\">\n<p style=\"text-align: center;\">\n<p style=\"text-align: center;\"><strong><span style=\"font-family: comic sans ms,sans-serif;\"><span style=\"font-size: large;\"><a href=\"https:\/\/enfants.jabsuisseromande.ch\/index.php\/live\/live-2025-c1\"><span style=\"color: #0eec3d;\">Camp 1<\/span><\/a><\/span><\/span><\/strong><\/p>\n<p style=\"text-align: center;\">\n<p style=\"text-align: center;\"><strong><span style=\"font-family: comic sans ms,sans-serif;\"><span style=\"font-size: large;\"><a href=\"https:\/\/enfants.jabsuisseromande.ch\/index.php\/live\/live-2025-c2\"><span style=\"color: #0eec3d;\">Camp 2<\/span><\/a><\/span><\/span><\/strong><\/p>\n<p style=\"text-align: center;\">\n<p style=\"text-align: center;\"><strong><span style=\"font-family: comic sans ms,sans-serif;\"><span style=\"font-size: large;\"><a href=\"https:\/\/enfants.jabsuisseromande.ch\/index.php\/live\/live-2025-c3\"><span style=\"color: #0eec3d;\">Camp 3<\/span><\/a><\/span><\/span><\/strong><\/p>\n<p style=\"text-align: center;\">\n<p style=\"text-align: center;\">\n<p style=\"text-align: center;\"><span style=\"font-size: small;\"><span style=\"color: #000000;\">Par respect pour la vie priv\u00e9e, un<br \/>\nmot de passe<br \/>\na \u00e9t\u00e9 ajout\u00e9. Transmis<br \/>\naux parents,<br \/>\nil peut \u00eatre rappel\u00e9 <span style=\"color: #0000ff;\"><strong><a href=\"https:\/\/enfants.jabsuisseromande.ch\/index.php\/enfants\/pages-enfants\/le-bon-coin\/contact\" target=\"_blank\" rel=\"noopener noreferrer\"><span style=\"color: #fb3b03;\">-ici-<\/span><\/a><\/strong><\/span><br \/>\nsur simple <a href=\"https:\/\/enfants.jabsuisseromande.ch\/index.php\/enfants\/pages-enfants\/le-bon-coin\/contact\" target=\"_blank\" rel=\"noopener noreferrer\"><span style=\"color: #000000;\">demande<\/span><\/a><\/span>.<\/span><\/p>\n<\/td>\n<\/tr>\n<\/tbody>\n<\/table>\n<p>&nbsp;<\/p>\n<p style=\"text-align: center;\"><a href=\"..\/\"><img loading=\"lazy\" decoding=\"async\" class=\"aligncenter\" style=\"border: 0pt none;\" onmousedown=\"this.src='https:\/\/enfants.jabsuisseromande.ch\/wp-content\/uploads\/jab_enfants\/web\/bouton_retour2_rose.jpg';\" onmouseup=\"this.src='https:\/\/enfants.jabsuisseromande.ch\/wp-content\/uploads\/jab_enfants\/web\/bouton_retour2_bleu.jpg';\" onmouseover=\"this.src='https:\/\/enfants.jabsuisseromande.ch\/wp-content\/uploads\/jab_enfants\/web\/bouton_retour2_violet.jpg';\" onmouseout=\"this.src='https:\/\/enfants.jabsuisseromande.ch\/wp-content\/uploads\/jab_enfants\/web\/bouton_retour2_rouge.jpg';\" alt=\"\" src=\"https:\/\/enfants.jabsuisseromande.ch\/wp-content\/uploads\/jab_enfants\/web\/bouton_retour2_bleu.jpg\" width=\"113\" height=\"42\" \/><\/a><\/p>\n<p><img decoding=\"async\" style=\"display: none;\" alt=\"\" src=\"https:\/\/enfants.jabsuisseromande.ch\/wp-content\/gallery\/jab_enfants\/live\/2b.jpg\" \/><img decoding=\"async\" style=\"display: none;\" alt=\"\" src=\"https:\/\/enfants.jabsuisseromande.ch\/wp-content\/gallery\/jab_enfants\/live\/3.jpg\" \/><img decoding=\"async\" style=\"display: none;\" alt=\"\" src=\"https:\/\/enfants.jabsuisseromande.ch\/wp-content\/gallery\/jab_enfants\/live\/2.jpg\" \/><\/p>\n<p>&nbsp;<\/p>\n<p>&nbsp;<\/p>\n<p>&nbsp;<\/p>\n","protected":false},"excerpt":{"rendered":"<p>&#8212; Que se passe-t-il actuellement \u00e0 Arzier ? &#8212; &nbsp; Et oui, nous vivons dans un monde connect\u00e9 et nous savons combien il est de plus en plus difficile de passer quelques jours sans savoir ce que font nos enfants. Ainsi, depuis 2021, nous essayons de faire au mieux pour vous partager quelques nouvelles de [&hellip;]<\/p>\n","protected":false},"author":3,"featured_media":0,"parent":0,"menu_order":4,"comment_status":"closed","ping_status":"closed","template":"template-full-width.php","meta":{"ngg_post_thumbnail":0,"footnotes":""},"class_list":["post-26260","page","type-page","status-publish","hentry"],"_links":{"self":[{"href":"https:\/\/enfants.jabsuisseromande.ch\/index.php\/wp-json\/wp\/v2\/pages\/26260","targetHints":{"allow":["GET"]}}],"collection":[{"href":"https:\/\/enfants.jabsuisseromande.ch\/index.php\/wp-json\/wp\/v2\/pages"}],"about":[{"href":"https:\/\/enfants.jabsuisseromande.ch\/index.php\/wp-json\/wp\/v2\/types\/page"}],"author":[{"embeddable":true,"href":"https:\/\/enfants.jabsuisseromande.ch\/index.php\/wp-json\/wp\/v2\/users\/3"}],"replies":[{"embeddable":true,"href":"https:\/\/enfants.jabsuisseromande.ch\/index.php\/wp-json\/wp\/v2\/comments?post=26260"}],"version-history":[{"count":66,"href":"https:\/\/enfants.jabsuisseromande.ch\/index.php\/wp-json\/wp\/v2\/pages\/26260\/revisions"}],"predecessor-version":[{"id":35140,"href":"https:\/\/enfants.jabsuisseromande.ch\/index.php\/wp-json\/wp\/v2\/pages\/26260\/revisions\/35140"}],"wp:attachment":[{"href":"https:\/\/enfants.jabsuisseromande.ch\/index.php\/wp-json\/wp\/v2\/media?parent=26260"}],"curies":[{"name":"wp","href":"https:\/\/api.w.org\/{rel}","templated":true}]}}