{"id":27622,"date":"2020-11-19T18:07:05","date_gmt":"2020-11-19T17:07:05","guid":{"rendered":"https:\/\/enfants.jabsuisseromande.ch\/?page_id=27622"},"modified":"2023-11-10T09:17:50","modified_gmt":"2023-11-10T08:17:50","slug":"photos-2020","status":"publish","type":"page","link":"https:\/\/enfants.jabsuisseromande.ch\/index.php\/enfants\/pages-enfants\/le-coin-photos\/photos-plus-anciennes\/photos-2020\/","title":{"rendered":"Photos 2020"},"content":{"rendered":"<div style=\"position: fixed; top: 0; left: 0; background: #ffcc99; width: 100%; height: 100%; z-index: -11;\"> <\/div>\n<p>\n<script type=\"text\/javascript\">\/\/ <![CDATA[\nwindow.onload = function(){\n  window.location.href = \"#start\";\n}\n\/\/ ]]><\/script>\n<\/p>\n<p id=\"start\">\n<p><span style=\"font-family: comic sans ms,sans-serif;\"><br \/> <\/span><\/p>\n<p style=\"text-align: center;\"><strong><span style=\"font-family: comic sans ms,sans-serif;\"><span style=\"font-size: xx-large;\"><span style=\"color: #ffcc99;\">&#8212;<\/span> Bienvenue aux camps 2020 <span style=\"color: #ffcc99;\">&#8212;<\/span><\/span><\/span><\/strong><\/p>\n<p>&nbsp;<\/p>\n<table style=\"width: 924px; height: 455px;\" border=\"0\" frame=\"void\">\n<tbody>\n<tr>\n<td style=\"width: 756px; height: 455px;\"><img loading=\"lazy\" decoding=\"async\" class=\"alignnone\" onmousedown=\"this.src='https:\/\/enfants.jabsuisseromande.ch\/wp-content\/gallery\/jab_enfants\/2020\/groupe2020c.jpg';\" onmouseup=\"this.src='https:\/\/enfants.jabsuisseromande.ch\/wp-content\/gallery\/jab_enfants\/2020\/groupe2020d.jpg';\" onmouseover=\"this.src='https:\/\/enfants.jabsuisseromande.ch\/wp-content\/gallery\/jab_enfants\/2020\/groupe2020b.jpg';\" onmouseout=\"this.src='https:\/\/enfants.jabsuisseromande.ch\/wp-content\/gallery\/jab_enfants\/2020\/groupe2020a.jpg';\" alt=\"\" src=\"https:\/\/enfants.jabsuisseromande.ch\/wp-content\/gallery\/jab_enfants\/2020\/groupe2020a.jpg\" width=\"820\" height=\"462\" \/><\/td>\n<td style=\"background-color: #ffcc00; height: 455px; width: 300px;\" valign=\"top\">\n<p style=\"text-align: center;\">\n<p style=\"text-align: center;\"><span style=\"color: #800080;\"><span style=\"font-size: large;\"><strong><span style=\"font-family: comic sans ms,sans-serif;\">Arzier<br \/>2020<\/span><\/strong><\/span><\/span><\/p>\n<p style=\"text-align: center;\">\n<p style=\"text-align: center;\">\n<p style=\"text-align: center;\"><strong><span style=\"font-family: comic sans ms,sans-serif;\"><span style=\"font-size: large;\"><a href=\"https:\/\/enfants.jabsuisseromande.ch\/index.php\/enfants\/pages-enfants\/pages-photos\/photos-2020\/photos-2020-c1\"><span style=\"color: #800080;\">Camp 1<\/span><\/a><\/span><\/span><\/strong><\/p>\n<p style=\"text-align: center;\">\n<p style=\"text-align: center;\"><strong><span style=\"font-family: comic sans ms,sans-serif;\"><span style=\"font-size: large;\"><a href=\"https:\/\/enfants.jabsuisseromande.ch\/index.php\/enfants\/pages-enfants\/pages-photos\/photos-2020\/photos-2020-c2\"><span style=\"color: #800080;\">Camp 2<\/span><\/a><\/span><\/span><\/strong><\/p>\n<p style=\"text-align: center;\">\n<p style=\"text-align: center;\"><strong><span style=\"font-family: comic sans ms,sans-serif;\"><span style=\"font-size: large;\"><a href=\"https:\/\/enfants.jabsuisseromande.ch\/index.php\/enfants\/pages-enfants\/pages-photos\/photos-2020\/photos-2020-c3\"><span style=\"color: #800080;\">Camp 3<\/span><\/a><\/span><\/span><\/strong><\/p>\n<p style=\"text-align: center;\">\n<p style=\"text-align: center;\">\n<p style=\"text-align: center;\"><span style=\"font-size: small;\"><span style=\"color: #000000;\">Par respect pour la vie priv\u00e9e, un<br \/>mot de passe<br \/>a \u00e9t\u00e9 ajout\u00e9. Transmis<br \/>aux parents,<br \/>il peut \u00eatre rappel\u00e9 <span style=\"color: #0000ff;\"><strong><a href=\"https:\/\/enfants.jabsuisseromande.ch\/index.php\/enfants\/pages-enfants\/le-bon-coin\/contact\" target=\"_blank\" rel=\"noopener noreferrer\"><span style=\"color: #3399ff;\">-ici-<\/span><\/a><\/strong><\/span><br \/>sur simple <a href=\"https:\/\/enfants.jabsuisseromande.ch\/index.php\/enfants\/pages-enfants\/le-bon-coin\/contact\" target=\"_blank\" rel=\"noopener noreferrer\"><span style=\"color: #000000;\">demande<\/span><\/a><\/span>.<\/span><\/p>\n<\/td>\n<\/tr>\n<\/tbody>\n<\/table>\n<p>&nbsp;<\/p>\n<p style=\"text-align: center;\"><a href=\"..\/\"><img loading=\"lazy\" decoding=\"async\" class=\"aligncenter\" style=\"border: 0pt none;\" onmousedown=\"this.src='https:\/\/enfants.jabsuisseromande.ch\/wp-content\/uploads\/jab_enfants\/web\/bouton_retour2_bleu.jpg';\" onmouseover=\"this.src='https:\/\/enfants.jabsuisseromande.ch\/wp-content\/uploads\/jab_enfants\/web\/bouton_retour2_vert.jpg';\" onmouseout=\"this.src='https:\/\/enfants.jabsuisseromande.ch\/wp-content\/uploads\/jab_enfants\/web\/bouton_retour2_rouge.jpg';\" alt=\"\" src=\"https:\/\/enfants.jabsuisseromande.ch\/wp-content\/uploads\/jab_enfants\/web\/bouton_retour2_bleu.jpg\" width=\"113\" height=\"42\" \/><\/a><\/p>\n<p><img decoding=\"async\" style=\"display: none;\" alt=\"\" src=\"https:\/\/enfants.jabsuisseromande.ch\/wp-content\/gallery\/jab_enfants\/2020\/groupe2020b.jpg\" \/><img decoding=\"async\" style=\"display: none;\" alt=\"\" src=\"https:\/\/enfants.jabsuisseromande.ch\/wp-content\/gallery\/jab_enfants\/2020\/groupe2020c.jpg\" \/><img decoding=\"async\" style=\"display: none;\" alt=\"\" src=\"https:\/\/enfants.jabsuisseromande.ch\/wp-content\/gallery\/jab_enfants\/2020\/groupe2020d.jpg\" \/><\/p>\n<p>&nbsp;<\/p>\n<p>&nbsp;<\/p>\n<p>&nbsp;<\/p>\n","protected":false},"excerpt":{"rendered":"<p>&#8212; Bienvenue aux camps 2020 &#8212; &nbsp; Arzier2020 Camp 1 Camp 2 Camp 3 Par respect pour la vie priv\u00e9e, unmot de passea \u00e9t\u00e9 ajout\u00e9. Transmisaux parents,il peut \u00eatre rappel\u00e9 -ici-sur simple demande. &nbsp; &nbsp; &nbsp; &nbsp;<\/p>\n","protected":false},"author":3,"featured_media":0,"parent":5067,"menu_order":12,"comment_status":"closed","ping_status":"closed","template":"template-full-width.php","meta":{"ngg_post_thumbnail":0,"footnotes":""},"class_list":["post-27622","page","type-page","status-publish","hentry"],"_links":{"self":[{"href":"https:\/\/enfants.jabsuisseromande.ch\/index.php\/wp-json\/wp\/v2\/pages\/27622","targetHints":{"allow":["GET"]}}],"collection":[{"href":"https:\/\/enfants.jabsuisseromande.ch\/index.php\/wp-json\/wp\/v2\/pages"}],"about":[{"href":"https:\/\/enfants.jabsuisseromande.ch\/index.php\/wp-json\/wp\/v2\/types\/page"}],"author":[{"embeddable":true,"href":"https:\/\/enfants.jabsuisseromande.ch\/index.php\/wp-json\/wp\/v2\/users\/3"}],"replies":[{"embeddable":true,"href":"https:\/\/enfants.jabsuisseromande.ch\/index.php\/wp-json\/wp\/v2\/comments?post=27622"}],"version-history":[{"count":1,"href":"https:\/\/enfants.jabsuisseromande.ch\/index.php\/wp-json\/wp\/v2\/pages\/27622\/revisions"}],"predecessor-version":[{"id":27865,"href":"https:\/\/enfants.jabsuisseromande.ch\/index.php\/wp-json\/wp\/v2\/pages\/27622\/revisions\/27865"}],"up":[{"embeddable":true,"href":"https:\/\/enfants.jabsuisseromande.ch\/index.php\/wp-json\/wp\/v2\/pages\/5067"}],"wp:attachment":[{"href":"https:\/\/enfants.jabsuisseromande.ch\/index.php\/wp-json\/wp\/v2\/media?parent=27622"}],"curies":[{"name":"wp","href":"https:\/\/api.w.org\/{rel}","templated":true}]}}