{"id":2836,"date":"2012-01-27T14:04:50","date_gmt":"2012-01-27T13:04:50","guid":{"rendered":"https:\/\/test.jabsuisseromande.ch\/index.php\/"},"modified":"2025-11-14T16:24:00","modified_gmt":"2025-11-14T15:24:00","slug":"enfants","status":"publish","type":"page","link":"https:\/\/enfants.jabsuisseromande.ch\/","title":{"rendered":"\u00a0\u00a0\u00a0\u00a0\u00a0 Pages Camps Enfants\u00a0\u00a0&#x263a;\u00a0\u00a0        \u00a0\u00a0"},"content":{"rendered":"<div style=\"position: fixed; top: 0; left: 0; background: #000000; width: 100%; height: 100%; z-index: -11;\"> <\/div>\n<p id=\"start\">\n<table style=\"height: 537px; width: 930px;\" border=\"0\" align=\"center\">\n<tbody>\n<tr>\n<td style=\"width: 600px;\"><img loading=\"lazy\" decoding=\"async\" class=\"aligncenter\" alt=\"\" src=\"https:\/\/enfants.jabsuisseromande.ch\/wp-content\/uploads\/jab_enfants\/deco_pages\/maison_arzier_new2.jpg\" width=\"717\" height=\"538\"><\/td>\n<td style=\"width: 300px; background-color: #7ab6f5; text-align: center; height: 537px;\" align=\"center\" valign=\"top\">\n<p style=\"text-align: center;\"><span style=\"font-size: large;\"><\/span><\/p>\n<p style=\"text-align: center;\"><span style=\"color: #000000; font-size: large;\"><span style=\"font-family: comic sans ms, sans-serif;\"><strong>Camps Enfants<br \/>\nArzier-Le Muids<br \/>\n<span style=\"font-size: 12px;\">(Vaud &#8211; Gen\u00e8ve)<\/span><\/strong><\/span><\/p>\n<p style=\"text-align: center;\"><span style=\"font-size: large;\"><br \/>\n<\/span><\/p>\n<p style=\"text-align: center;\"><span style=\"font-size: large;\">&nbsp; <a href=\"https:\/\/enfants.jabsuisseromande.ch\/index.php\/le-coin-photos\/#start\" class=\"woo-sc-button  custom\" style=\"background:#e651e6;border-color:#e651e6\"><span class=\"woo-\">Le coin Photos<\/span><\/a><\/p>\n<p style=\"text-align: center;\"><span style=\"font-size: large;\">&nbsp; <a href=\"https:\/\/enfants.jabsuisseromande.ch\/index.php\/le-coin-videos\/#start\" class=\"woo-sc-button  custom\" style=\"background:#c345c2;border-color:#c345c2\"><span class=\"woo-\">Le coin Vid\u00e9os<\/span><\/a><\/p>\n<p style=\"text-align: center;\"><span style=\"font-size: large;\">&nbsp; <a href=\"https:\/\/enfants.jabsuisseromande.ch\/index.php\/le-bon-coin\/#start\" class=\"woo-sc-button  custom\" style=\"background:#803c80;border-color:#803c80\"><span class=\"woo-\">Infos &amp; Divers<\/span><\/a><\/p>\n<p style=\"text-align: center;\"><span style=\"font-size: large;\">&nbsp; <a href=\"http:\/\/enfants.jabsuisseromande.ch\/index.php\/enfants\/pages-enfants\/camps-enfants\/#start\" class=\"woo-sc-button  red\" ><span class=\"woo-\">Faire un Camp<\/span><\/a>&#8212;&#8212;&#8212;&#8212;&#8212;&#8212;&#8212;&#8212;&#8211;<\/p>\n<p style=\"text-align: center;\"><span style=\"color: #0000ff;\"><span style=\"font-family: comic sans ms,sans-serif;\"><span style=\"font-size: medium;\"><strong>Essaie ce jeu !<\/strong><\/span><\/span><\/span><\/p>\n<p style=\"text-align: center;\"><span style=\"color: #0000ff;\"><span style=\"font-family: comic sans ms,sans-serif;\"><span style=\"font-size: medium;\"><a href=\"#jeu\"><img loading=\"lazy\" decoding=\"async\" class=\"aligncenter\" style=\"background-color: #7ab6f5; border: 0pt none;\" onmouseover=\"this.src='https:\/\/enfants.jabsuisseromande.ch\/wp-content\/uploads\/jab_enfants\/web\/bouton_jeu3b.png';\" onmouseout=\"this.src='https:\/\/enfants.jabsuisseromande.ch\/wp-content\/uploads\/jab_enfants\/web\/bouton_jeu3a.png';\" alt=\"\" src=\"https:\/\/enfants.jabsuisseromande.ch\/wp-content\/uploads\/jab_enfants\/web\/bouton_jeu3a.png\" width=\"77\" height=\"48\" \/><br \/>\n <\/a><\/span><\/span><\/span><\/p>\n<\/td>\n<\/tr>\n<\/tbody>\n<\/table>\n<table style=\"width: 930px;\" border=\"0\">\n<tbody>\n<tr>\n<td style=\"background-color: #ab73e2; border: 22px solid #ab73e2; width: 930px;\">\n<p style=\"text-align: justify;\"><span style=\"color: #000000;\"><span style=\"font-family: comic sans ms,sans-serif;\"><span style=\"font-size: medium;\"><strong>\u00a8VIVRE\u00a8 : c\u2019est le nom de la colonie o\u00f9 se d\u00e9roulent les camps d\u2019\u00e9t\u00e9 pour les enfants de 7 \u00e0 12 ans.<\/strong><\/span><\/span><\/span><\/p>\n<p style=\"text-align: justify;\"><span style=\"color: #000000;\"><span style=\"font-family: comic sans ms,sans-serif;\"><span style=\"font-size: medium;\">Etablie \u00e0 900 m\u00e8tres d\u2019altitude, juste \u00e0 la sortie d\u2019Arzier (VD) sur la route de St-Cergue, la propri\u00e9t\u00e9 offre une magnifique vue sur le Mont-Blanc. Elle met \u00e0 disposition diff\u00e9rents terrains de jeux (foot, badminton, basket&#8230;), une piscine, une salle polyvalente, un coin biblioth\u00e8que, etc. Chaque enfant a de quoi s\u2019amuser en toute s\u00e9curit\u00e9.<br \/>\n Le b\u00e2timent principal, une ancienne maison de ma\u00eetre, peut accueillir 50 participants par camp.<\/span><\/span><\/span><\/p>\n<p style=\"text-align: justify;\"><span style=\"color: #000000;\"><span style=\"font-family: comic sans ms,sans-serif;\"><span style=\"font-size: medium;\">Au programme des s\u00e9jours, tout ce que les enfants aiment : sport, jeux, bricolages, baignades et autres d\u00e9couvertes&#8230; dont celle, chaque matin, d\u2019une histoire de la Bible.<br \/>\n D\u00e9couvrez en images les camps enfants dans les galeries photos et vid\u00e9os !<\/span><\/span><\/span><\/p>\n<\/td>\n<\/tr>\n<\/tbody>\n<\/table>\n<p id=\"jeu\">\n<table style=\"width: 930px; border-color: #ffffff; border-width: 2px; border-style: solid;\" border=\"2\" cellspacing=\"0\">\n<tbody>\n<tr>\n<td style=\"background-color: #f52c2c; border: 22px solid #f52c2c;\">\n<p style=\"text-align: center;\"><span style=\"color: #000000;\"><span style=\"font-family: book antiqua,palatino;\"><span style=\"font-size: large;\"><strong>JEU &#8211; CONCOURS<\/strong><\/span><\/span><\/span><\/p>\n<p style=\"text-align: justify;\"><span style=\"color: #000000;\"><span style=\"font-family: book antiqua,palatino;\"><span style=\"font-size: medium;\"><strong>Trois \u00e9cureuils se sont cach\u00e9s dans les pages enfants (mais pas \u00e0 l&rsquo;int\u00e9rieur des vid\u00e9os, ni \u00e0 l&rsquo;int\u00e9rieur des diaporamas photos). Essaie de les retrouver !<\/strong><\/span><\/span><\/span><\/p>\n<\/td>\n<td style=\"background-color: #FFFFFF; border: 22px solid #FFFFFF; width: 280px;\">\n<p style=\"text-align: justify;\"><span style=\"color: #000000;\"><span style=\"font-size: medium;\"><span style=\"font-family: comic sans ms,sans-serif;\"><strong><\/strong><\/span><\/span><\/span><\/p>\n<\/td>\n<\/tr>\n<\/tbody>\n<\/table>\n<p>&nbsp;<\/p>\n","protected":false},"excerpt":{"rendered":"<p>Camps Enfants Arzier-Le Muids (Vaud &#8211; Gen\u00e8ve) &nbsp; &nbsp; &nbsp; &nbsp; &#8212;&#8212;&#8212;&#8212;&#8212;&#8212;&#8212;&#8212;&#8211; Essaie ce jeu ! \u00a8VIVRE\u00a8 : c\u2019est le nom de la colonie o\u00f9 se d\u00e9roulent les camps d\u2019\u00e9t\u00e9 pour les enfants de 7 \u00e0 12 ans. Etablie \u00e0 900 m\u00e8tres d\u2019altitude, juste \u00e0 la sortie d\u2019Arzier (VD) sur la route de St-Cergue, la [&hellip;]<\/p>\n","protected":false},"author":3,"featured_media":0,"parent":0,"menu_order":1,"comment_status":"open","ping_status":"closed","template":"template-full-width.php","meta":{"ngg_post_thumbnail":0,"footnotes":""},"class_list":["post-2836","page","type-page","status-publish","hentry"],"_links":{"self":[{"href":"https:\/\/enfants.jabsuisseromande.ch\/index.php\/wp-json\/wp\/v2\/pages\/2836","targetHints":{"allow":["GET"]}}],"collection":[{"href":"https:\/\/enfants.jabsuisseromande.ch\/index.php\/wp-json\/wp\/v2\/pages"}],"about":[{"href":"https:\/\/enfants.jabsuisseromande.ch\/index.php\/wp-json\/wp\/v2\/types\/page"}],"author":[{"embeddable":true,"href":"https:\/\/enfants.jabsuisseromande.ch\/index.php\/wp-json\/wp\/v2\/users\/3"}],"replies":[{"embeddable":true,"href":"https:\/\/enfants.jabsuisseromande.ch\/index.php\/wp-json\/wp\/v2\/comments?post=2836"}],"version-history":[{"count":313,"href":"https:\/\/enfants.jabsuisseromande.ch\/index.php\/wp-json\/wp\/v2\/pages\/2836\/revisions"}],"predecessor-version":[{"id":9071,"href":"https:\/\/enfants.jabsuisseromande.ch\/index.php\/wp-json\/wp\/v2\/pages\/2836\/revisions\/9071"}],"wp:attachment":[{"href":"https:\/\/enfants.jabsuisseromande.ch\/index.php\/wp-json\/wp\/v2\/media?parent=2836"}],"curies":[{"name":"wp","href":"https:\/\/api.w.org\/{rel}","templated":true}]}}