{"id":3376,"date":"2012-03-15T11:17:29","date_gmt":"2012-03-15T09:17:29","guid":{"rendered":"https:\/\/test.jabsuisseromande.ch\/index.php\/"},"modified":"2025-08-12T19:00:06","modified_gmt":"2025-08-12T18:00:06","slug":"qui-s-nous","status":"publish","type":"page","link":"https:\/\/enfants.jabsuisseromande.ch\/index.php\/enfants\/pages-enfants\/le-bon-coin\/qui-s-nous\/","title":{"rendered":"Qui sommes nous ?"},"content":{"rendered":"<div style=\"position: fixed; top: 0; left: 0; background: #00d500; width: 100%; height: 100%; z-index: -11;\"> <\/div>\n<p>&nbsp;<\/p>\n<p><span style=\"font-family: comic sans ms,sans-serif;\"><span style=\"font-size: x-large;\"><strong>Qu\u2019est-ce que la JAB ?<\/strong><\/span><\/span><strong><span style=\"text-decoration: underline;\"><br \/>\n <\/span><\/strong><\/p>\n<p>&nbsp;<\/p>\n<p><span style=\"font-family: comic sans ms,sans-serif;\"><span style=\"font-size: medium;\">La Jeunesse Action Biblique (JAB) est un organisme de jeunesse chr\u00e9tien \u00e9vang\u00e9lique.<\/span><\/span><\/p>\n<p><span style=\"font-family: comic sans ms,sans-serif;\"><span style=\"font-size: medium;\">La JAB Suisse romande propose tout au long de l\u2019ann\u00e9e des activit\u00e9s pour les enfants et les adolescents.<\/span><\/span><\/p>\n<p><span style=\"font-family: comic sans ms,sans-serif;\"><span style=\"font-size: medium;\">Elle d\u00e9pend directement de l\u2019Association des \u00c9glises \u00e9vang\u00e9liques Action Biblique de Suisse.<\/span><\/span><\/p>\n<p>&nbsp;<\/p>\n<p><span style=\"font-family: comic sans ms,sans-serif;\"><span style=\"font-size: medium;\"><strong>Ses objectifs :<\/strong><\/span><\/span><\/p>\n<p>&nbsp;<\/p>\n<p><span style=\"font-family: comic sans ms,sans-serif;\"><span style=\"font-size: medium;\">&#8211; L\u2019\u00e9panouissement physique, social, intellectuel et spirituel des jeunes.<\/span><\/span><\/p>\n<p><span style=\"font-family: comic sans ms,sans-serif;\"><span style=\"font-size: medium;\">&#8211; Le d\u00e9veloppement de l\u2019esprit d\u2019\u00e9quipe.<\/span><\/span><\/p>\n<p><span style=\"font-family: comic sans ms,sans-serif;\"><span style=\"font-size: medium;\">&#8211; Le d\u00e9veloppement de l\u2019esprit de service, du go\u00fbt de l\u2019effort et de la pers\u00e9v\u00e9rance.<\/span><\/span><\/p>\n<p>&nbsp;<\/p>\n<p><span style=\"font-family: comic sans ms,sans-serif;\"><span style=\"font-size: medium;\"><strong>Concr\u00e8tement\u2026<\/strong><\/span><\/span><\/p>\n<p>&nbsp;<\/p>\n<p><span style=\"font-family: comic sans ms,sans-serif;\"><span style=\"font-size: medium;\">Depuis 1943, la JAB propose chaque ann\u00e9e des activit\u00e9s pour les enfants et les adolescents en Suisse.<\/span><\/span><\/p>\n<p><span style=\"font-family: comic sans ms,sans-serif;\"><span style=\"font-size: medium;\">Elle organise durant ces camps des activit\u00e9s ludiques et sportives sous l\u2019\u00e9gide de Jeunesse+Sport Suisse.<\/span><\/span><\/p>\n<p><span style=\"font-family: comic sans ms,sans-serif;\"><span style=\"font-size: medium;\">Les responsables des camps sont tous qualifi\u00e9s pour assumer leur responsabilit\u00e9 d\u2019organisation et d\u2019encadrement.<\/span><\/span><\/p>\n<p><span style=\"font-family: comic sans ms,sans-serif;\"><span style=\"font-size: medium;\">La JAB d\u00e9sire, \u00e0 tous les niveaux (physique, psychique, social et spirituel), le meilleur pour la jeune g\u00e9n\u00e9ration.<\/span><\/span><\/p>\n<p><span style=\"font-family: comic sans ms,sans-serif;\"><span style=\"font-size: medium;\">Des groupes JAB r\u00e9guliers existent aussi dans plusieurs localit\u00e9s en Suisse.<\/span><\/span><\/p>\n<p id=\"2025\">&nbsp;<\/p>\n<p>&nbsp;<\/p>\n<p><span style=\"font-family: comic sans ms,sans-serif;\"><span style=\"font-size: x-large;\"><strong>2025, une ann\u00e9e de transition !<\/strong><\/span><\/span><strong><span style=\"text-decoration: underline;\"><br \/>\n <\/span><\/strong><\/p>\n<p>&nbsp;<\/p>\n<p><span style=\"font-family: comic sans ms,sans-serif;\"><span style=\"font-size: medium;\"><strong>Du changement dans les camps enfants :<\/strong><\/span><\/span><\/p>\n<p>&nbsp;<\/p>\n<p style=\"text-align: justify;\"><span style=\"font-family: comic sans ms,sans-serif;\"><span style=\"font-size: medium;\">Apr\u00e8s 15 ann\u00e9es de travail et de joie au service du Seigneur, il sera temps pour Emmanuel et Sylvie Eicher de transmettre le flambeau de la responsabilit\u00e9 des camps enfants \u00e0 Arzier. En effet, suite \u00e0 une nouvelle vision, l\u2019Action Biblique a d\u00e9cid\u00e9 de changer le fonctionnement des camps enfants, impliquant notre retrait de la direction des camps (non par choix personnel). Pour la nouvelle gestion, une personne coordinatrice a \u00e9t\u00e9 engag\u00e9e. La transmission se fera fin ao\u00fbt 2025, apr\u00e8s une p\u00e9riode transitoire pendant l\u2019\u00e9t\u00e9.<\/span><\/span><\/p>\n<p style=\"text-align: justify;\"><span style=\"font-family: comic sans ms,sans-serif;\"><span style=\"font-size: medium;\">Nous sommes reconnaissants que Nathalia Ramangalahy, qui a une bonne exp\u00e9rience et beaucoup de motivation, ait r\u00e9pondu \u00e0 ce nouveau poste. Nous lui souhaitons tout le bonheur pour ce beau travail et le soutien de Dieu dans ce grand d\u00e9fi.<\/span><\/span><\/p>\n<p style=\"text-align: justify;\"><span style=\"font-family: comic sans ms,sans-serif;\"><span style=\"font-size: medium;\">En ce qui nous concerne (Emmanuel et Sylvie), nous t\u00e9moignons de la gr\u00e2ce et de la b\u00e9n\u00e9diction de Dieu sur ces camps, avec 43 s\u00e9jours, o\u00f9 nous L\u2019avons, \u00e0 chaque fois, clairement vu \u00e0 l\u2019\u0153uvre. Nous sommes tellement reconnaissants de la mani\u00e8re dont Il a conduit toutes choses dans ce beau minist\u00e8re et sommes convaincus que nous \u00e9tions au bon endroit, selon Sa volont\u00e9. Merci Seigneur !<\/span><\/span><\/p>\n<p style=\"text-align: justify;\"><span style=\"font-family: comic sans ms,sans-serif;\"><span style=\"font-size: medium;\">Nous remercions de tout c\u0153ur toutes les personnes qui nous ont fait confiance, celles qui se sont engag\u00e9es \u00e0 nos c\u00f4t\u00e9s (staffs), celles qui nous ont confi\u00e9 leurs enfants (nous rendant bien compte que cela n&rsquo;est pas toujours facile) et remercions \u00e9galement les responsables de la colonie avec qui nous nous sommes bien entendus. Merci aussi \u00e0 l&rsquo;Action Biblique pour la confiance absolue qui nous a \u00e9t\u00e9 faite pendant toutes ces ann\u00e9es o\u00f9 nous avons eu les coud\u00e9es franches pour toute la gestion des camps, sans jamais avoir ressenti d&rsquo;inqui\u00e9tudes dans quelconques domaines. Et merci encore \u00e0 toutes les personnes qui ont pri\u00e9 pour nous et pour le bon d\u00e9roulement de ces camps !<\/span><\/span><\/p>\n<p style=\"text-align: justify;\"><span style=\"font-family: comic sans ms,sans-serif;\"><span style=\"font-size: medium;\">Soyez b\u00e9nis chers amis et que le Seigneur conduise toutes choses pour le futur de la JAB et pour Sa gloire. <br \/>\nAvec notre affection. <br \/>\nGo\u00e9land et Luciole&nbsp; <span style=\"color: #9b06fc;\"><a style=\"color: #9b06fc;\" href=\"https:\/\/enfants.jabsuisseromande.ch\/index.php\/enfants\/pages-enfants\/le-bon-coin\/qui-s-nous\/#pics\"><span style=\"font-size: 12px;\">\u25baquelques photos tout en bas\u2193\u25c4<\/span> <\/a><\/span><\/span><\/span><\/p>\n<p>&nbsp;<\/p>\n<p>&nbsp;<\/p>\n<p><span style=\"font-family: comic sans ms,sans-serif;\"><span style=\"font-size: x-large;\"><strong>2012, une ann\u00e9e un peu sp\u00e9ciale !<\/strong><\/span><\/span><strong><span style=\"text-decoration: underline;\"><br \/>\n <\/span><\/strong><\/p>\n<p>&nbsp;<\/p>\n<p><span style=\"font-family: comic sans ms,sans-serif;\"><span style=\"font-size: medium;\"><strong>Du changement dans les camps enfants :<\/strong><\/span><\/span><\/p>\n<p>&nbsp;<\/p>\n<p><span style=\"font-family: comic sans ms,sans-serif;\"><span style=\"font-size: medium;\">Apr\u00e8s plus de 20 ann\u00e9es de service, de d\u00e9vouement et de fid\u00e9lit\u00e9, Claude-Alain et Annie Nuti<\/span><\/span><\/p>\n<p><span style=\"font-family: comic sans ms,sans-serif;\"><span style=\"font-size: medium;\">ont d\u00e9cid\u00e9 de transmettre la responsabilit\u00e9 des camps. Ainsi, suite \u00e0 une p\u00e9riode d\u2019exploration<\/span><\/span><\/p>\n<p><span style=\"font-family: comic sans ms,sans-serif;\"><span style=\"font-size: medium;\">et de r\u00e9flexions, Emmanuel et Sylvie Eicher ont repris le flambeau !<\/span><\/span><\/p>\n<p id=\"back1\">\n<p>&nbsp;<\/p>\n<p><span style=\"font-family: comic sans ms,sans-serif;\"><span style=\"font-size: medium;\">Un grand merci \u00e0 toute la famille Nuti pour leur travail accompli pendant tant d\u2019ann\u00e9es.<\/span><\/span><\/p>\n<p>&nbsp;<\/p>\n<p><span style=\"font-size: small;\"><span style=\"font-family: trebuchet ms,geneva;\"><a href=\"..\/index.php\/infos-responsables\/\">Quelques mots sur les nouveaux responsables<\/a>&#8230;<\/span><\/span><a href=\"..\/index.php\/infos-responsables\/\"><img loading=\"lazy\" decoding=\"async\" class=\"alignnone;\" style=\"border: 0pt none;\" alt=\"\" src=\"https:\/\/enfants.jabsuisseromande.ch\/wp-content\/uploads\/jab_enfants\/web\/fleche_droite.gif\" width=\"64\" height=\"64\" \/><\/a><\/p>\n<p>&nbsp;<\/p>\n<p>&nbsp;<\/p>\n<p><span style=\"font-size: medium;\"><span style=\"font-family: comic sans ms,sans-serif;\"><strong>50<sup>\u00e8me<\/sup> !<\/strong><\/span><\/span><\/p>\n<p><span style=\"font-size: medium;\"><span style=\"font-family: comic sans ms,sans-serif;\">L&rsquo;ann\u00e9e 2012 a \u00e9t\u00e9 la 50<sup>\u00e8me<\/sup> ann\u00e9e des camps !<\/span><\/span><\/p>\n<p><span style=\"font-size: medium;\"><span style=\"font-family: comic sans ms,sans-serif;\">Et oui, tout a commenc\u00e9 en 1962, au Roc, quand Samuel et H\u00e9l\u00e8ne Grandjean ont \u00e9t\u00e9 conduits<\/span><\/span><\/p>\n<p><span style=\"font-size: medium;\"><span style=\"font-family: comic sans ms,sans-serif;\">\u00e0 d\u00e9marrer ce travail extraordinaire.<\/span><\/span><\/p>\n<p><span style=\"font-size: medium;\"><span style=\"font-family: comic sans ms,sans-serif;\">Apr\u00e8s une 30<sup>aine<\/sup> d&rsquo;ann\u00e9es de service, Claude-Alain et Annie Nuti ont pris la rel\u00e8ve.<\/span><\/span><\/p>\n<p><span style=\"font-size: medium;\"><span style=\"font-family: comic sans ms,sans-serif;\">Puis, apr\u00e8s quelques ann\u00e9es d&rsquo;activit\u00e9s au Roc, ces derniers ont d\u00e9m\u00e9nag\u00e9 les camps \u00e0 Arzier,<\/span><\/span><\/p>\n<p><span style=\"font-size: medium;\"><span style=\"font-family: comic sans ms,sans-serif;\">un bel endroit au dessus de Gland, lieu actuel des camps. <\/span><\/span><\/p>\n<p>&nbsp;<\/p>\n<p><span style=\"font-size: medium;\"><span style=\"font-family: comic sans ms,sans-serif;\">Les enfants qui \u00e9taient pr\u00e9sents au 50<sup>\u00e8me<\/sup>, en 2012, ont eu la joie d&rsquo;y rencontrer les fondateurs des camps. <\/span><\/span><\/p>\n<p><span style=\"font-size: medium;\"><span style=\"font-family: comic sans ms,sans-serif;\">En effet, Samuel et H\u00e9l\u00e8ne se sont sp\u00e9cialement d\u00e9plac\u00e9s \u00e0 chaque camp pour parler de leurs exp\u00e9riences, <\/span><\/span><\/p>\n<p><span style=\"font-size: medium;\"><span style=\"font-family: comic sans ms,sans-serif;\">lors de la rencontre de cl\u00f4ture. Quelle joie de les retrouver toujours aussi motiv\u00e9s et dynamiques !<\/span><\/span><\/p>\n<p style=\"text-align: left; padding-left: 270px;\"><span style=\"font-size: medium;\"><span style=\"font-family: comic sans ms,sans-serif;\"><span style=\"font-size: small;\">(retrouvez-les en images dans les galeries photos et vid\u00e9os 2012)<\/span><br \/>\n<\/span><\/span><\/p>\n<p><span style=\"font-size: medium;\"><span style=\"font-family: comic sans ms,sans-serif;\"><br \/>\n <\/span><\/span><\/p>\n<p><a href=\"https:\/\/enfants.jabsuisseromande.ch\/wp-content\/uploads\/jab_enfants\/deco_pages\/roc_cologny_1.jpg\" target=\"_blank\" rel=\"noopener noreferrer\"><img loading=\"lazy\" decoding=\"async\" class=\"alignnone\" alt=\"\" src=\"https:\/\/enfants.jabsuisseromande.ch\/wp-content\/uploads\/jab_enfants\/deco_pages\/roc_cologny_1.jpg\" width=\"922\" height=\"518\" \/><\/a><\/p>\n<p style=\"text-align: center;\"><strong>Photo au Roc \u00e0 Cologny<\/strong><\/p>\n<p><span style=\"font-size: medium;\"><span style=\"font-family: comic sans ms,sans-serif;\"><br \/>\n <\/span><\/span><\/p>\n<p><a href=\"https:\/\/enfants.jabsuisseromande.ch\/wp-content\/uploads\/jab_enfants\/deco_pages\/photo_50ans.jpg\" target=\"_blank\" rel=\"noopener noreferrer\"><img loading=\"lazy\" decoding=\"async\" class=\"alignnone\" alt=\"\" src=\"https:\/\/enfants.jabsuisseromande.ch\/wp-content\/uploads\/jab_enfants\/deco_pages\/photo_50ans.jpg\" width=\"922\" height=\"518\" \/><\/a><\/p>\n<p style=\"text-align: center;\"><strong>Photo \u00e0 Arzier \u00e9t\u00e9 2012<\/strong><\/p>\n<p>&nbsp;<\/p>\n<p id=\"pics\">&nbsp;<\/p>\n<p>&nbsp;<\/p>\n<p style=\"text-align: center;\"><strong>Photos \u00e0 Arzier \u00e9t\u00e9 2021<\/strong><span style=\"font-size: medium;\"><span style=\"font-family: comic sans ms,sans-serif;\"><br \/>\n <\/span><\/span><\/p>\n<p><a href=\"https:\/\/enfants.jabsuisseromande.ch\/wp-content\/uploads\/jab_enfants\/deco_pages\/merci2.jpg\" target=\"_blank\" rel=\"noopener noreferrer\"><img loading=\"lazy\" decoding=\"async\" class=\"alignnone\" alt=\"\" src=\"https:\/\/enfants.jabsuisseromande.ch\/wp-content\/uploads\/jab_enfants\/deco_pages\/merci2.jpg\" width=\"922\" height=\"518\" \/><\/a><\/p>\n<p>&nbsp;<\/p>\n<p><a href=\"https:\/\/enfants.jabsuisseromande.ch\/wp-content\/uploads\/jab_enfants\/deco_pages\/merci3.jpg\" target=\"_blank\" rel=\"noopener noreferrer\"><img loading=\"lazy\" decoding=\"async\" class=\"alignnone\" alt=\"\" src=\"https:\/\/enfants.jabsuisseromande.ch\/wp-content\/uploads\/jab_enfants\/deco_pages\/merci3.jpg\" width=\"922\" height=\"518\" \/><\/a><\/p>\n<p>&nbsp;<\/p>\n<p><a href=\"https:\/\/enfants.jabsuisseromande.ch\/wp-content\/uploads\/jab_enfants\/deco_pages\/merci4.jpg\" target=\"_blank\" rel=\"noopener noreferrer\"><img loading=\"lazy\" decoding=\"async\" class=\"alignnone\" alt=\"\" src=\"https:\/\/enfants.jabsuisseromande.ch\/wp-content\/uploads\/jab_enfants\/deco_pages\/merci4.jpg\" width=\"922\" height=\"518\" \/><\/a><\/p>\n<p>&nbsp;<\/p>\n<p style=\"text-align: center;\"><strong>Photos Bonus &#x263a;<\/strong><span style=\"font-size: medium;\"><span style=\"font-family: comic sans ms,sans-serif;\"><br \/>\n <\/span><\/span><\/p>\n<p><a href=\"https:\/\/enfants.jabsuisseromande.ch\/wp-content\/uploads\/jab_enfants\/deco_pages\/savane2022.jpg\" target=\"_blank\" rel=\"noopener noreferrer\"><img loading=\"lazy\" decoding=\"async\" class=\"alignnone\" alt=\"\" src=\"https:\/\/enfants.jabsuisseromande.ch\/wp-content\/uploads\/jab_enfants\/deco_pages\/savane2022.jpg\" width=\"922\" height=\"518\" \/><\/a><\/p>\n<p>&nbsp;<\/p>\n<p><a href=\"https:\/\/enfants.jabsuisseromande.ch\/wp-content\/uploads\/jab_enfants\/deco_pages\/Staff_C2_2025.jpg\" target=\"_blank\" rel=\"noopener noreferrer\"><img loading=\"lazy\" decoding=\"async\" class=\"alignnone\" alt=\"\" src=\"https:\/\/enfants.jabsuisseromande.ch\/wp-content\/uploads\/jab_enfants\/deco_pages\/Staff_C2_2025.jpg\" width=\"922\" height=\"691\" \/><\/a><\/p>\n<p>&nbsp;<\/p>\n<p><a href=\"https:\/\/enfants.jabsuisseromande.ch\/wp-content\/uploads\/jab_enfants\/deco_pages\/souvenir2025.jpg\" target=\"_blank\" rel=\"noopener noreferrer\"><img loading=\"lazy\" decoding=\"async\" class=\"alignnone\" alt=\"\" src=\"https:\/\/enfants.jabsuisseromande.ch\/wp-content\/uploads\/jab_enfants\/deco_pages\/souvenir2025.jpg\" width=\"922\" height=\"691\" \/><\/a><\/p>\n<p>&nbsp;<\/p>\n<p><a href=\"https:\/\/enfants.jabsuisseromande.ch\/wp-content\/uploads\/jab_enfants\/deco_pages\/Vive_Arzier.jpg\" target=\"_blank\" rel=\"noopener noreferrer\"><img loading=\"lazy\" decoding=\"async\" class=\"alignnone\" alt=\"\" src=\"https:\/\/enfants.jabsuisseromande.ch\/wp-content\/uploads\/jab_enfants\/deco_pages\/Vive_Arzier.jpg\" width=\"922\" height=\"615\" \/><\/a><\/p>\n<p>&nbsp;<\/p>\n<p>&nbsp;<\/p>\n<p style=\"text-align: center;\"><span style=\"font-size: medium;\"><span style=\"font-family: trebuchet ms,geneva;\"><a href=\"https:\/\/enfants.jabsuisseromande.ch\/index.php\/enfants\/pages-enfants\/le-coin-videos\/videos-plus-anciennes\/#start\">Vous qui aimez la nostalgie et voir d&rsquo;anciens visages,<br \/>\nretrouvez des vid\u00e9os qui remontent jusqu&rsquo;\u00e0 2004 ! (ici)<\/a>&#8230;<\/span><\/span><a href=\"https:\/\/enfants.jabsuisseromande.ch\/index.php\/enfants\/pages-enfants\/le-coin-videos\/videos-plus-anciennes\/#start\"><img loading=\"lazy\" decoding=\"async\" class=\"alignnone;\" style=\"border: 0pt none;\" alt=\"\" src=\"https:\/\/enfants.jabsuisseromande.ch\/wp-content\/uploads\/jab_enfants\/web\/fleche_droite.gif\" width=\"64\" height=\"64\" \/><\/a><\/p>\n<p>&nbsp;<\/p>\n<p>&nbsp;<\/p>\n<p><img loading=\"lazy\" decoding=\"async\" class=\"alignright\" style=\"border: 0pt none;\" onmousedown=\"this.src='https:\/\/enfants.jabsuisseromande.ch\/wp-content\/uploads\/jab_enfants\/deco_pages\/banane_cadre2.gif';\" onmouseup=\"this.src='https:\/\/enfants.jabsuisseromande.ch\/wp-content\/uploads\/jab_enfants\/deco_pages\/bananacat_b.jpg';\" onmouseover=\"this.src='https:\/\/enfants.jabsuisseromande.ch\/wp-content\/uploads\/jab_enfants\/deco_pages\/banane_cadre.gif';\" onmouseout=\"this.src='https:\/\/enfants.jabsuisseromande.ch\/wp-content\/uploads\/jab_enfants\/deco_pages\/banane_mov.gif';\" alt=\"\" src=\"https:\/\/enfants.jabsuisseromande.ch\/wp-content\/uploads\/jab_enfants\/deco_pages\/banane_mov.gif\" width=\"250\" height=\"250\" \/><\/p>\n<p><a href=\"..\/\"><img loading=\"lazy\" decoding=\"async\" class=\"alignright\" style=\"margin-right: 133px; border: 0pt none;\" onmousedown=\"this.src='https:\/\/enfants.jabsuisseromande.ch\/wp-content\/uploads\/jab_enfants\/web\/bouton_retour2_violet.jpg';\" onmouseup=\"this.src='https:\/\/enfants.jabsuisseromande.ch\/wp-content\/uploads\/jab_enfants\/web\/bouton_retour2_bleu.jpg';\" onmouseover=\"this.src='https:\/\/enfants.jabsuisseromande.ch\/wp-content\/uploads\/jab_enfants\/web\/bouton_retour2_vert.jpg';\" onmouseout=\"this.src='https:\/\/enfants.jabsuisseromande.ch\/wp-content\/uploads\/jab_enfants\/web\/bouton_retour2_rouge.jpg';\" alt=\"\" src=\"https:\/\/enfants.jabsuisseromande.ch\/wp-content\/uploads\/jab_enfants\/web\/bouton_retour2_bleu.jpg\" width=\"113\" height=\"42\" \/><\/a><\/p>\n<p><img decoding=\"async\" style=\"display: none;\" alt=\"\" src=\"https:\/\/enfants.jabsuisseromande.ch\/wp-content\/uploads\/jab_enfants\/deco_pages\/banane_cadre2.gif\" \/><\/p>\n<p style=\"text-align: left;\"><strong><br \/>\n <\/strong><\/p>\n<p>&nbsp;<\/p>\n<p>&nbsp;<\/p>\n<p>&nbsp;<\/p>\n","protected":false},"excerpt":{"rendered":"<p>&nbsp; Qu\u2019est-ce que la JAB ? &nbsp; La Jeunesse Action Biblique (JAB) est un organisme de jeunesse chr\u00e9tien \u00e9vang\u00e9lique. La JAB Suisse romande propose tout au long de l\u2019ann\u00e9e des activit\u00e9s pour les enfants et les adolescents. Elle d\u00e9pend directement de l\u2019Association des \u00c9glises \u00e9vang\u00e9liques Action Biblique de Suisse. &nbsp; Ses objectifs : &nbsp; &#8211; [&hellip;]<\/p>\n","protected":false},"author":3,"featured_media":0,"parent":5086,"menu_order":1,"comment_status":"open","ping_status":"closed","template":"template-full-width.php","meta":{"ngg_post_thumbnail":0,"footnotes":""},"class_list":["post-3376","page","type-page","status-publish","hentry"],"_links":{"self":[{"href":"https:\/\/enfants.jabsuisseromande.ch\/index.php\/wp-json\/wp\/v2\/pages\/3376","targetHints":{"allow":["GET"]}}],"collection":[{"href":"https:\/\/enfants.jabsuisseromande.ch\/index.php\/wp-json\/wp\/v2\/pages"}],"about":[{"href":"https:\/\/enfants.jabsuisseromande.ch\/index.php\/wp-json\/wp\/v2\/types\/page"}],"author":[{"embeddable":true,"href":"https:\/\/enfants.jabsuisseromande.ch\/index.php\/wp-json\/wp\/v2\/users\/3"}],"replies":[{"embeddable":true,"href":"https:\/\/enfants.jabsuisseromande.ch\/index.php\/wp-json\/wp\/v2\/comments?post=3376"}],"version-history":[{"count":141,"href":"https:\/\/enfants.jabsuisseromande.ch\/index.php\/wp-json\/wp\/v2\/pages\/3376\/revisions"}],"predecessor-version":[{"id":22209,"href":"https:\/\/enfants.jabsuisseromande.ch\/index.php\/wp-json\/wp\/v2\/pages\/3376\/revisions\/22209"}],"up":[{"embeddable":true,"href":"https:\/\/enfants.jabsuisseromande.ch\/index.php\/wp-json\/wp\/v2\/pages\/5086"}],"wp:attachment":[{"href":"https:\/\/enfants.jabsuisseromande.ch\/index.php\/wp-json\/wp\/v2\/media?parent=3376"}],"curies":[{"name":"wp","href":"https:\/\/api.w.org\/{rel}","templated":true}]}}