{"id":3798,"date":"2012-04-03T07:28:34","date_gmt":"2012-04-03T05:28:34","guid":{"rendered":"https:\/\/test.jabsuisseromande.ch\/index.php\/"},"modified":"2020-10-20T14:35:43","modified_gmt":"2020-10-20T13:35:43","slug":"photos-2010","status":"publish","type":"page","link":"https:\/\/enfants.jabsuisseromande.ch\/index.php\/enfants\/pages-enfants\/le-coin-photos\/photos-plus-anciennes\/photos-2010\/","title":{"rendered":"Photos 2010"},"content":{"rendered":"<div style=\"position: fixed; top: 0; left: 0; background: #99ccff; width: 100%; height: 100%; z-index: -11;\"> <\/div>\n<p>\n<script type=\"text\/javascript\">\/\/ <![CDATA[\nwindow.onload = function(){\n  window.location.href = \"#start\";\n}\n\/\/ ]]><\/script>\n<\/p>\n<p id=\"start\">\n<p><span style=\"font-family: comic sans ms,sans-serif;\"><br \/> <\/span><\/p>\n<p style=\"text-align: center;\"><strong><span style=\"font-family: comic sans ms,sans-serif;\"><span style=\"font-size: xx-large;\"><span style=\"color: #99ccff;\">&#8212;<\/span> Bienvenue aux camps 2010 <span style=\"color: #99ccff;\">&#8212;<\/span><\/span><\/span><\/strong><\/p>\n<p>&nbsp;<\/p>\n<table style=\"width: 924px; height: 400px;\" border=\"0\" frame=\"void\">\n<tbody>\n<tr>\n<td style=\"width: 756px; height: 400px;\"><img loading=\"lazy\" decoding=\"async\" class=\"alignnone\" alt=\"\" src=\"https:\/\/enfants.jabsuisseromande.ch\/wp-content\/gallery\/jab_enfants\/2010\/arz2010_c2_page_b.jpg\" width=\"819\" height=\"400\" \/><\/td>\n<td style=\"background-color: #ffcc00; height: 400px; width: 300px;\" valign=\"top\">\n<p style=\"text-align: center;\">\n<p style=\"text-align: center;\"><span style=\"color: #800080;\"><span style=\"font-size: large;\"><strong><span style=\"font-family: comic sans ms,sans-serif;\">Arzier<br \/>2010<\/span><\/strong><\/span><\/span><\/p>\n<p style=\"text-align: center;\">\n<p style=\"text-align: center;\"><strong><span style=\"font-family: comic sans ms,sans-serif;\"><span style=\"font-size: large;\"><a href=\"https:\/\/enfants.jabsuisseromande.ch\/index.php\/enfants\/pages-enfants\/pages-photos\/photos-2010\/photos-2010-c1\"><span style=\"color: #800080;\">Camp 1<\/span><\/a><\/span><\/span><\/strong><\/p>\n<p style=\"text-align: center;\"><strong><span style=\"font-family: comic sans ms,sans-serif;\"><span style=\"font-size: large;\"><span style=\"color: #800080;\"><\/span><\/span><\/span><\/strong><\/p>\n<p style=\"text-align: center;\"><strong><span style=\"font-family: comic sans ms,sans-serif;\"><span style=\"font-size: large;\"><a href=\"https:\/\/enfants.jabsuisseromande.ch\/index.php\/enfants\/pages-enfants\/pages-photos\/photos-2010\/photos-2010-c2\"><span style=\"color: #800080;\">Camp 2<\/span><\/a><\/span><\/span><\/strong><\/p>\n<p style=\"text-align: center;\"><strong><span style=\"font-family: comic sans ms,sans-serif;\"><span style=\"font-size: large;\"><span style=\"color: #800080;\"><br \/> <\/span><\/span><\/span><\/strong><\/p>\n<p style=\"text-align: center;\"><span style=\"font-size: small;\"><span style=\"color: #000000;\">Par respect pour la vie priv\u00e9e, un<br \/>mot de passe<br \/>a \u00e9t\u00e9 ajout\u00e9. Transmis<br \/>aux parents,<br \/>il peut \u00eatre rappel\u00e9 <span style=\"color: #0000ff;\"><strong><a href=\"https:\/\/enfants.jabsuisseromande.ch\/index.php\/enfants\/pages-enfants\/le-bon-coin\/contact\" target=\"_blank\" rel=\"noopener noreferrer\"><span style=\"color: #3399ff;\">-ici-<\/span><\/a><\/strong><\/span><br \/>sur simple <a href=\"https:\/\/enfants.jabsuisseromande.ch\/index.php\/enfants\/pages-enfants\/le-bon-coin\/contact\" target=\"_blank\" rel=\"noopener noreferrer\"><span style=\"color: #000000;\">demande<\/span><\/a><\/span>.<\/span><\/p>\n<\/td>\n<\/tr>\n<\/tbody>\n<\/table>\n<p>&nbsp;<\/p>\n<p style=\"text-align: center;\"><a href=\"..\/\"><img loading=\"lazy\" decoding=\"async\" class=\"aligncenter\" style=\"border: 0pt none;\" onmousedown=\"this.src='https:\/\/enfants.jabsuisseromande.ch\/wp-content\/uploads\/jab_enfants\/web\/bouton_retour2_violet.jpg';\" onmouseover=\"this.src='https:\/\/enfants.jabsuisseromande.ch\/wp-content\/uploads\/jab_enfants\/web\/bouton_retour2_vert.jpg';\" onmouseout=\"this.src='https:\/\/enfants.jabsuisseromande.ch\/wp-content\/uploads\/jab_enfants\/web\/bouton_retour2_rouge.jpg';\" alt=\"\" src=\"https:\/\/enfants.jabsuisseromande.ch\/wp-content\/uploads\/jab_enfants\/web\/bouton_retour2_bleu.jpg\" width=\"113\" height=\"42\" \/><\/a><\/p>\n<p>&nbsp;<\/p>\n<p>&nbsp;<\/p>\n<p>&nbsp;<\/p>\n","protected":false},"excerpt":{"rendered":"<p>&#8212; Bienvenue aux camps 2010 &#8212; &nbsp; Arzier2010 Camp 1 Camp 2 Par respect pour la vie priv\u00e9e, unmot de passea \u00e9t\u00e9 ajout\u00e9. Transmisaux parents,il peut \u00eatre rappel\u00e9 -ici-sur simple demande. &nbsp; &nbsp; &nbsp; &nbsp;<\/p>\n","protected":false},"author":3,"featured_media":0,"parent":5067,"menu_order":2,"comment_status":"open","ping_status":"closed","template":"template-full-width.php","meta":{"ngg_post_thumbnail":0,"footnotes":""},"class_list":["post-3798","page","type-page","status-publish","hentry"],"_links":{"self":[{"href":"https:\/\/enfants.jabsuisseromande.ch\/index.php\/wp-json\/wp\/v2\/pages\/3798","targetHints":{"allow":["GET"]}}],"collection":[{"href":"https:\/\/enfants.jabsuisseromande.ch\/index.php\/wp-json\/wp\/v2\/pages"}],"about":[{"href":"https:\/\/enfants.jabsuisseromande.ch\/index.php\/wp-json\/wp\/v2\/types\/page"}],"author":[{"embeddable":true,"href":"https:\/\/enfants.jabsuisseromande.ch\/index.php\/wp-json\/wp\/v2\/users\/3"}],"replies":[{"embeddable":true,"href":"https:\/\/enfants.jabsuisseromande.ch\/index.php\/wp-json\/wp\/v2\/comments?post=3798"}],"version-history":[{"count":41,"href":"https:\/\/enfants.jabsuisseromande.ch\/index.php\/wp-json\/wp\/v2\/pages\/3798\/revisions"}],"predecessor-version":[{"id":26489,"href":"https:\/\/enfants.jabsuisseromande.ch\/index.php\/wp-json\/wp\/v2\/pages\/3798\/revisions\/26489"}],"up":[{"embeddable":true,"href":"https:\/\/enfants.jabsuisseromande.ch\/index.php\/wp-json\/wp\/v2\/pages\/5067"}],"wp:attachment":[{"href":"https:\/\/enfants.jabsuisseromande.ch\/index.php\/wp-json\/wp\/v2\/media?parent=3798"}],"curies":[{"name":"wp","href":"https:\/\/api.w.org\/{rel}","templated":true}]}}