{"id":3977,"date":"2012-04-13T16:46:33","date_gmt":"2012-04-13T16:46:33","guid":{"rendered":"https:\/\/test.jabsuisseromande.ch\/index.php\/"},"modified":"2025-11-19T11:49:57","modified_gmt":"2025-11-19T10:49:57","slug":"videos-plus-anciennes","status":"publish","type":"page","link":"https:\/\/enfants.jabsuisseromande.ch\/index.php\/enfants\/pages-enfants\/le-coin-videos\/videos-plus-anciennes\/","title":{"rendered":"Vid\u00e9os plus anciennes"},"content":{"rendered":"<style type=\"text\/css\"><!--\n* focus, object, player, embed{ outline: none }\n--><\/style>\n<div style=\"position: fixed; top: 0; left: 0; background: #ffff99; width: 100%; height: 100%; z-index: -11;\">\u00a0<\/div>\n<p>\n<script type=\"text\/javascript\">\/\/ <![CDATA[\nwindow.onload = function(){\n  window.location.href = \"#start\";\n}\n\/\/ ]]><\/script>\n<\/p>\n<p id=\"start\">\n<p style=\"text-align: left; padding-left: 60px;\"><span style=\"color: #800080;\"><span style=\"font-family: comic sans ms,sans-serif;\"><span style=\"font-size: xx-large;\">Films des camps des ann\u00e9es pr\u00e9c\u00e9dentes<\/span><\/span><\/span><\/p>\n<p>&nbsp;<\/p>\n<p>HTML5 (patienter un peu au d\u00e9marrage)<\/p>\n<table style=\"width: 928px; height: 396px;\" border=\"0\" cellspacing=\"0\" align=\"center\">\n<tbody>\n<tr>\n<td style=\"width: 704px; border: 0px solid #9f9f9f; background-color: #9f9f9f; height: 396px; text-align: center;\"><div class='jwplayer' id='jwplayer-0'><\/div><script type='text\/javascript'>if(typeof(jQuery)==\"function\"){(function($){$.fn.fitVids=function(){}})(jQuery)};jwplayer('jwplayer-0').setup({\"height\":708,\"width\":725,\"listbar__position\":\"none\",\"primary\":\"html5\",\"fallback\":false,\"listbar\":{\"position\":\"bottom\",\"size\":300},\"aspectratio\":null,\"playlist\":[{\"title\":\"Film des camps enfants 2021\",\"sources\":[{\"file\":\"https:\/\/enfants.jabsuisseromande.ch\/wp-content\/gallery\/jab_enfants\/films\/jab_enfants_2021.mp4\"}],\"image\":\"https:\/\/enfants.jabsuisseromande.ch\/wp-content\/gallery\/jab_enfants\/films\/titre_2021.jpg\"},{\"title\":\"Film des camps enfants 2020\",\"sources\":[{\"file\":\"https:\/\/enfants.jabsuisseromande.ch\/wp-content\/gallery\/jab_enfants\/films\/jab_enfants_2020.mp4\"}],\"image\":\"https:\/\/enfants.jabsuisseromande.ch\/wp-content\/gallery\/jab_enfants\/films\/titre_2020.jpg\"},{\"title\":\"Film des camps enfants 2019\",\"sources\":[{\"file\":\"https:\/\/enfants.jabsuisseromande.ch\/wp-content\/gallery\/jab_enfants\/films\/jab_enfants_2019.mp4\"}],\"image\":\"https:\/\/enfants.jabsuisseromande.ch\/wp-content\/gallery\/jab_enfants\/films\/titre_2019.jpg\"},{\"title\":\"Film des camps enfants 2018\",\"sources\":[{\"file\":\"https:\/\/enfants.jabsuisseromande.ch\/wp-content\/gallery\/jab_enfants\/films\/jab_enfants_2018.mp4\"}],\"image\":\"https:\/\/enfants.jabsuisseromande.ch\/wp-content\/gallery\/jab_enfants\/films\/titre_2018.jpg\"},{\"title\":\"Film des camps enfants 2017\",\"sources\":[{\"file\":\"https:\/\/enfants.jabsuisseromande.ch\/wp-content\/gallery\/jab_enfants\/films\/jab_enfants_2017.mp4\"}],\"image\":\"https:\/\/enfants.jabsuisseromande.ch\/wp-content\/gallery\/jab_enfants\/films\/titre_2017.jpg\"},{\"title\":\"Film des camps enfants 2016\",\"sources\":[{\"file\":\"https:\/\/enfants.jabsuisseromande.ch\/wp-content\/gallery\/jab_enfants\/films\/jab_enfants_2016.mp4\"}],\"image\":\"https:\/\/enfants.jabsuisseromande.ch\/wp-content\/gallery\/jab_enfants\/films\/titre_2016.jpg\"},{\"title\":\"Film des camps enfants 2015\",\"sources\":[{\"file\":\"https:\/\/enfants.jabsuisseromande.ch\/wp-content\/gallery\/jab_enfants\/films\/jab_enfants_2015.mp4\"}],\"image\":\"http:\/\/enfants.jabsuisseromande.ch\/wp-content\/gallery\/jab_enfants\/films\/titre_2015.jpg\"},{\"title\":\"Film des camps enfants 2014\",\"sources\":[{\"file\":\"https:\/\/enfants.jabsuisseromande.ch\/wp-content\/gallery\/jab_enfants\/films\/jab_enfants_2014.mp4\"}],\"image\":\"https:\/\/enfants.jabsuisseromande.ch\/wp-content\/gallery\/jab_enfants\/films\/titre_2014.jpg\"},{\"title\":\"Film des camps enfants 2013\",\"sources\":[{\"file\":\"https:\/\/enfants.jabsuisseromande.ch\/wp-content\/gallery\/jab_enfants\/films\/jab_enfants_2013.mp4\"}],\"image\":\"https:\/\/enfants.jabsuisseromande.ch\/wp-content\/gallery\/jab_enfants\/films\/titre_2013.jpg\"},{\"title\":\"Film des camps enfants 2012\",\"sources\":[{\"file\":\"https:\/\/enfants.jabsuisseromande.ch\/wp-content\/gallery\/jab_enfants\/films\/jab_enfants_2012.mp4\"}],\"image\":\"https:\/\/enfants.jabsuisseromande.ch\/wp-content\/gallery\/jab_enfants\/films\/titre_2012.jpg\"},{\"title\":\"Film des camps enfants 2011\",\"sources\":[{\"file\":\"https:\/\/enfants.jabsuisseromande.ch\/wp-content\/gallery\/jab_enfants\/films\/jab_enfants_2011.mp4\"}],\"image\":\"https:\/\/enfants.jabsuisseromande.ch\/wp-content\/gallery\/jab_enfants\/films\/titre_2011.jpg\"},{\"title\":\"Film des camps enfants 2010\",\"sources\":[{\"file\":\"https:\/\/enfants.jabsuisseromande.ch\/wp-content\/gallery\/jab_enfants\/films\/jab_enfants_2010.mp4\"}],\"image\":\"https:\/\/enfants.jabsuisseromande.ch\/wp-content\/gallery\/jab_enfants\/films\/titre_2010.jpg\"},{\"title\":\"Film des camps enfants 2009\",\"sources\":[{\"file\":\"https:\/\/enfants.jabsuisseromande.ch\/wp-content\/gallery\/jab_enfants\/films\/jab_enfants_2009.mp4\"}],\"image\":\"https:\/\/enfants.jabsuisseromande.ch\/wp-content\/gallery\/jab_enfants\/films\/titre_2009.jpg\"},{\"title\":\"Film des camps enfants 2008\",\"sources\":[{\"file\":\"https:\/\/enfants.jabsuisseromande.ch\/wp-content\/gallery\/jab_enfants\/films\/jab_enfants_2008.mp4\"}],\"image\":\"https:\/\/enfants.jabsuisseromande.ch\/wp-content\/gallery\/jab_enfants\/films\/titre_2008.jpg\"},{\"title\":\"Film des camps enfants 2007\",\"sources\":[{\"file\":\"https:\/\/enfants.jabsuisseromande.ch\/wp-content\/gallery\/jab_enfants\/films\/jab_enfants_2007.mp4\"}],\"image\":\"https:\/\/enfants.jabsuisseromande.ch\/wp-content\/gallery\/jab_enfants\/films\/titre_2007.jpg\"},{\"title\":\"Film des camps enfants 2006\",\"sources\":[{\"file\":\"https:\/\/enfants.jabsuisseromande.ch\/wp-content\/gallery\/jab_enfants\/films\/jab_enfants_2006.mp4\"}],\"image\":\"https:\/\/enfants.jabsuisseromande.ch\/wp-content\/gallery\/jab_enfants\/films\/titre_2006.jpg\"},{\"title\":\"Film des camps enfants 2005\",\"sources\":[{\"file\":\"https:\/\/enfants.jabsuisseromande.ch\/wp-content\/gallery\/jab_enfants\/films\/jab_enfants_2005.mp4\"}],\"image\":\"https:\/\/enfants.jabsuisseromande.ch\/wp-content\/gallery\/jab_enfants\/films\/titre_2005.jpg\"},{\"title\":\"Film des camps enfants 2005 Bonus\",\"sources\":[{\"file\":\"https:\/\/enfants.jabsuisseromande.ch\/wp-content\/gallery\/jab_enfants\/films\/jab_enfants_2005_bonus.mp4\"}],\"image\":\"https:\/\/enfants.jabsuisseromande.ch\/wp-content\/gallery\/jab_enfants\/films\/titre_2005_bonus.jpg\"},{\"title\":\"Film des camps enfants 2004\",\"sources\":[{\"file\":\"https:\/\/enfants.jabsuisseromande.ch\/wp-content\/gallery\/jab_enfants\/films\/jab_enfants_2004.mp4\"}],\"image\":\"https:\/\/enfants.jabsuisseromande.ch\/wp-content\/gallery\/jab_enfants\/films\/titre_2004.jpg\"}]});\n<\/script><\/td>\n<td style=\"background-color: #9f9f9f; height: 396px; border: 0px solid #9f9f9f; width: 224px;\" valign=\"top\">\n<p style=\"text-align: center;\"><img loading=\"lazy\" decoding=\"async\" class=\"aligncenter\" style=\"background-color: #9f9f9f; border: 0pt none;\" onmousedown=\"this.src='https:\/\/enfants.jabsuisseromande.ch\/wp-content\/uploads\/jab_enfants\/deco_pages\/ecureuil2_gris_b.jpg';\" onmouseup=\"this.src='https:\/\/enfants.jabsuisseromande.ch\/wp-content\/uploads\/jab_enfants\/deco_pages\/ecureuil2_gris.jpg';\" onmouseover=\"this.src='https:\/\/enfants.jabsuisseromande.ch\/wp-content\/uploads\/jab_enfants\/deco_pages\/camera3b_gris.jpg';\" onmouseout=\"this.src='https:\/\/enfants.jabsuisseromande.ch\/wp-content\/uploads\/jab_enfants\/deco_pages\/projo2b_gris.jpg';\" alt=\"\" src=\"https:\/\/enfants.jabsuisseromande.ch\/wp-content\/uploads\/jab_enfants\/deco_pages\/projo2b_gris.jpg\" width=\"164\" height=\"187\" \/><\/p>\n<p style=\"text-align: center;\"><span style=\"color: #ffffff;\"><span style=\"font-size: large;\"><strong><span style=\"font-family: comic sans ms,sans-serif;\">Ann\u00e9e de camp<\/span><\/strong><\/span><\/span><\/p>\n<p style=\"text-align: center;\"><a href=\"https:\/\/enfants.jabsuisseromande.ch\/index.php\/enfants\/pages-enfants\/le-coin-videos\/video-2022\"><span style=\"color: #99ccff;\"><span style=\"font-size: large;\"><strong><span style=\"font-family: comic sans ms,sans-serif;\">2022<\/span><\/strong><\/span><\/span><\/a><\/p>\n<p style=\"text-align: center;\"><a href=\"https:\/\/enfants.jabsuisseromande.ch\/index.php\/enfants\/pages-enfants\/pages-videos\/video-2023\"><span style=\"color: #ffcc99;\"><span style=\"font-size: large;\"><strong><span style=\"font-family: comic sans ms,sans-serif;\">2023<\/span><\/strong><\/span><\/span><\/a><\/p>\n<p style=\"text-align: center;\"><a href=\"https:\/\/enfants.jabsuisseromande.ch\/index.php\/enfants\/pages-enfants\/pages-videos\/video-2024\"><span style=\"color: #ccffcc;\"><span style=\"font-size: large;\"><strong><span style=\"font-family: comic sans ms,sans-serif;\">2024<\/span><\/strong><\/span><\/span><\/a><\/p>\n<p style=\"text-align: center;\"><a href=\"https:\/\/enfants.jabsuisseromande.ch\/index.php\/enfants\/pages-enfants\/pages-videos\/videos-plus-anciennes\"><span style=\"color: #ffff99;\"><span style=\"font-size: large;\"><strong><span style=\"font-family: comic sans ms,sans-serif;\">Autres<\/span><\/strong><\/span><\/span><\/a><\/p>\n<p style=\"text-align: center;\"><a href=\"https:\/\/enfants.jabsuisseromande.ch\/index.php\/enfants\/pages-enfants\/le-bon-coin\/le-coin-special-medias\"><span style=\"color: #ab5500;\"><span style=\"font-size: large;\"><strong><span style=\"font-family: comic sans ms,sans-serif;\">Sp\u00e9cial<\/span><\/strong><\/span><\/span><\/a><\/p>\n<p style=\"text-align: center;\"><span style=\"color: #9f9f9f;\"><\/span><br \/>\nPour visionner en plein \u00e9cran,<br \/>\nclique sur la derni\u00e8re ic\u00f4ne<br \/>\nde la barre de lecture vid\u00e9o<br \/>\nou simplement 2x sur l&rsquo;\u00e9cran.<\/p>\n<p>&nbsp;<\/p>\n<p style=\"text-align: center;\">\u2190 Descends ici l\u2019ascenseur pour trouver plus de vid\u00e9os. <span style=\"color: #0000ff;\"><strong><a href=\"https:\/\/enfants.jabsuisseromande.ch\/index.php\/enfants\/pages-enfants\/le-bon-coin\/contact\" target=\"_blank\" rel=\"noopener noreferrer\"><span style=\"color: #5500ff;\">\ud83d\ude42<\/span><\/a><\/strong><\/span><\/p>\n<p style=\"text-align: center;\">Bons films !<\/p>\n<p><a href=\"https:\/\/enfants.jabsuisseromande.ch\/index.php\/enfants\/pages-enfants\/le-coin-videos\"><img loading=\"lazy\" decoding=\"async\" class=\"alignright\" style=\"margin-right: 60px; background-color: #9f9f9f; border: 0pt none;\" onmousedown=\"this.src='https:\/\/enfants.jabsuisseromande.ch\/wp-content\/uploads\/jab_enfants\/web\/bouton_retour_rond_down_gris2.jpg';\" onmouseover=\"this.src='https:\/\/enfants.jabsuisseromande.ch\/wp-content\/uploads\/jab_enfants\/web\/bouton_retour_rond_down_gris2.jpg';\" onmouseout=\"this.src='https:\/\/enfants.jabsuisseromande.ch\/wp-content\/uploads\/jab_enfants\/web\/bouton_retour_rond_gris2.jpg';\" alt=\"\" src=\"https:\/\/enfants.jabsuisseromande.ch\/wp-content\/uploads\/jab_enfants\/web\/bouton_retour_rond_gris2.jpg\" width=\"70\" height=\"66\" \/><\/a><\/p>\n<\/td>\n<\/tr>\n<\/tbody>\n<\/table>\n<p>&nbsp;<\/p>\n<p style=\"text-align: left;\"><span style=\"font-family: comic sans ms,sans-serif;\"><span style=\"color: #ff0000;\"><span style=\"font-size: small;\">Tu as des soucis avec la lecture vid\u00e9o ? <br \/>\n Tu n&rsquo;arrives pas \u00e0 trouver toutes les vid\u00e9os dans la liste ? <br \/>\nAlors <\/span><\/span><span style=\"color: #ff0000;\"><span style=\"font-size: small;\"> =&gt; <\/span><\/span><strong><span style=\"color: #ff0000;\"><span style=\"font-size: medium;\"><a href=\"#flash\"><span style=\"color: #ff0000;\">Essaie ici<\/span><\/a><\/span><\/span><\/strong><\/p>\n<p>&nbsp;<\/p>\n<p>&nbsp;<\/p>\n<p>&nbsp;<\/p>\n<p>&nbsp;<\/p>\n<p>&nbsp;<\/p>\n<p>&nbsp;<\/p>\n<p>&nbsp;<\/p>\n<p>&nbsp;<\/p>\n<p>&nbsp;<\/p>\n<p>&nbsp;<\/p>\n<p>&nbsp;<\/p>\n<p>&nbsp;<\/p>\n<p>&nbsp;<\/p>\n<p>&nbsp;<\/p>\n<p>&nbsp;<\/p>\n<p id=\"flash\">\n<p>&nbsp;<\/p>\n<p>Idem en flash (patienter un peu au d\u00e9marrage)<\/p>\n<table style=\"width: 928px; height: 396px;\" border=\"0\" cellspacing=\"0\" align=\"center\">\n<tbody>\n<tr>\n<td style=\"width: 704px; border: 0px solid #9f9f9f; background-color: #9f9f9f; height: 396px; text-align: center;\"><div class='jwplayer' id='jwplayer-1'><\/div><script type='text\/javascript'>if(typeof(jQuery)==\"function\"){(function($){$.fn.fitVids=function(){}})(jQuery)};jwplayer('jwplayer-1').setup({\"height\":2608,\"width\":725,\"listbar__position\":\"none\",\"primary\":\"flash\",\"fallback\":false,\"listbar\":{\"position\":\"bottom\",\"size\":2200},\"aspectratio\":null,\"playlist\":[{\"title\":\"Film des camps enfants 2021\",\"sources\":[{\"file\":\"https:\/\/enfants.jabsuisseromande.ch\/wp-content\/gallery\/jab_enfants\/films\/jab_enfants_2021.mp4\"}],\"image\":\"https:\/\/enfants.jabsuisseromande.ch\/wp-content\/gallery\/jab_enfants\/films\/titre_2021.jpg\"},{\"title\":\"Film des camps enfants 2020\",\"sources\":[{\"file\":\"https:\/\/enfants.jabsuisseromande.ch\/wp-content\/gallery\/jab_enfants\/films\/jab_enfants_2020.mp4\"}],\"image\":\"https:\/\/enfants.jabsuisseromande.ch\/wp-content\/gallery\/jab_enfants\/films\/titre_2020.jpg\"},{\"title\":\"Film des camps enfants 2019\",\"sources\":[{\"file\":\"https:\/\/enfants.jabsuisseromande.ch\/wp-content\/gallery\/jab_enfants\/films\/jab_enfants_2019.mp4\"}],\"image\":\"https:\/\/enfants.jabsuisseromande.ch\/wp-content\/gallery\/jab_enfants\/films\/titre_2019.jpg\"},{\"title\":\"Film des camps enfants 2018\",\"sources\":[{\"file\":\"https:\/\/enfants.jabsuisseromande.ch\/wp-content\/gallery\/jab_enfants\/films\/jab_enfants_2018.mp4\"}],\"image\":\"https:\/\/enfants.jabsuisseromande.ch\/wp-content\/gallery\/jab_enfants\/films\/titre_2018.jpg\"},{\"title\":\"Film des camps enfants 2017\",\"sources\":[{\"file\":\"https:\/\/enfants.jabsuisseromande.ch\/wp-content\/gallery\/jab_enfants\/films\/jab_enfants_2017.mp4\"}],\"image\":\"https:\/\/enfants.jabsuisseromande.ch\/wp-content\/gallery\/jab_enfants\/films\/titre_2017.jpg\"},{\"title\":\"Film des camps enfants 2016\",\"sources\":[{\"file\":\"https:\/\/enfants.jabsuisseromande.ch\/wp-content\/gallery\/jab_enfants\/films\/jab_enfants_2016.mp4\"}],\"image\":\"https:\/\/enfants.jabsuisseromande.ch\/wp-content\/gallery\/jab_enfants\/films\/titre_2016.jpg\"},{\"title\":\"Film des camps enfants 2015\",\"sources\":[{\"file\":\"https:\/\/enfants.jabsuisseromande.ch\/wp-content\/gallery\/jab_enfants\/films\/jab_enfants_2015.mp4\"}],\"image\":\"http:\/\/enfants.jabsuisseromande.ch\/wp-content\/gallery\/jab_enfants\/films\/titre_2015.jpg\"},{\"title\":\"Film des camps enfants 2014\",\"sources\":[{\"file\":\"https:\/\/enfants.jabsuisseromande.ch\/wp-content\/gallery\/jab_enfants\/films\/jab_enfants_2014.mp4\"}],\"image\":\"https:\/\/enfants.jabsuisseromande.ch\/wp-content\/gallery\/jab_enfants\/films\/titre_2014.jpg\"},{\"title\":\"Film des camps enfants 2013\",\"sources\":[{\"file\":\"https:\/\/enfants.jabsuisseromande.ch\/wp-content\/gallery\/jab_enfants\/films\/jab_enfants_2013.mp4\"}],\"image\":\"https:\/\/enfants.jabsuisseromande.ch\/wp-content\/gallery\/jab_enfants\/films\/titre_2013.jpg\"},{\"title\":\"Film des camps enfants 2012\",\"sources\":[{\"file\":\"https:\/\/enfants.jabsuisseromande.ch\/wp-content\/gallery\/jab_enfants\/films\/jab_enfants_2012.mp4\"}],\"image\":\"https:\/\/enfants.jabsuisseromande.ch\/wp-content\/gallery\/jab_enfants\/films\/titre_2012.jpg\"},{\"title\":\"Film des camps enfants 2011\",\"sources\":[{\"file\":\"https:\/\/enfants.jabsuisseromande.ch\/wp-content\/gallery\/jab_enfants\/films\/jab_enfants_2011.mp4\"}],\"image\":\"https:\/\/enfants.jabsuisseromande.ch\/wp-content\/gallery\/jab_enfants\/films\/titre_2011.jpg\"},{\"title\":\"Film des camps enfants 2010\",\"sources\":[{\"file\":\"https:\/\/enfants.jabsuisseromande.ch\/wp-content\/gallery\/jab_enfants\/films\/jab_enfants_2010.mp4\"}],\"image\":\"https:\/\/enfants.jabsuisseromande.ch\/wp-content\/gallery\/jab_enfants\/films\/titre_2010.jpg\"},{\"title\":\"Film des camps enfants 2009\",\"sources\":[{\"file\":\"https:\/\/enfants.jabsuisseromande.ch\/wp-content\/gallery\/jab_enfants\/films\/jab_enfants_2009.mp4\"}],\"image\":\"https:\/\/enfants.jabsuisseromande.ch\/wp-content\/gallery\/jab_enfants\/films\/titre_2009.jpg\"},{\"title\":\"Film des camps enfants 2008\",\"sources\":[{\"file\":\"https:\/\/enfants.jabsuisseromande.ch\/wp-content\/gallery\/jab_enfants\/films\/jab_enfants_2008.mp4\"}],\"image\":\"https:\/\/enfants.jabsuisseromande.ch\/wp-content\/gallery\/jab_enfants\/films\/titre_2008.jpg\"},{\"title\":\"Film des camps enfants 2007\",\"sources\":[{\"file\":\"https:\/\/enfants.jabsuisseromande.ch\/wp-content\/gallery\/jab_enfants\/films\/jab_enfants_2007.mp4\"}],\"image\":\"https:\/\/enfants.jabsuisseromande.ch\/wp-content\/gallery\/jab_enfants\/films\/titre_2007.jpg\"},{\"title\":\"Film des camps enfants 2006\",\"sources\":[{\"file\":\"https:\/\/enfants.jabsuisseromande.ch\/wp-content\/gallery\/jab_enfants\/films\/jab_enfants_2006.mp4\"}],\"image\":\"https:\/\/enfants.jabsuisseromande.ch\/wp-content\/gallery\/jab_enfants\/films\/titre_2006.jpg\"},{\"title\":\"Film des camps enfants 2005\",\"sources\":[{\"file\":\"https:\/\/enfants.jabsuisseromande.ch\/wp-content\/gallery\/jab_enfants\/films\/jab_enfants_2005.mp4\"}],\"image\":\"https:\/\/enfants.jabsuisseromande.ch\/wp-content\/gallery\/jab_enfants\/films\/titre_2005.jpg\"},{\"title\":\"Film des camps enfants 2005 Bonus\",\"sources\":[{\"file\":\"https:\/\/enfants.jabsuisseromande.ch\/wp-content\/gallery\/jab_enfants\/films\/jab_enfants_2005_bonus.mp4\"}],\"image\":\"https:\/\/enfants.jabsuisseromande.ch\/wp-content\/gallery\/jab_enfants\/films\/titre_2005_bonus.jpg\"},{\"title\":\"Film des camps enfants 2004\",\"sources\":[{\"file\":\"https:\/\/enfants.jabsuisseromande.ch\/wp-content\/gallery\/jab_enfants\/films\/jab_enfants_2004.mp4\"}],\"image\":\"https:\/\/enfants.jabsuisseromande.ch\/wp-content\/gallery\/jab_enfants\/films\/titre_2004.jpg\"}]});\n<\/script><\/td>\n<td style=\"background-color: #9f9f9f; height: 396px; border: 0px solid #9f9f9f; width: 224px;\" valign=\"top\">\n<p style=\"text-align: center;\"><img loading=\"lazy\" decoding=\"async\" class=\"aligncenter\" style=\"background-color: #9f9f9f; border: 0pt none;\" onmousedown=\"this.src='https:\/\/enfants.jabsuisseromande.ch\/wp-content\/uploads\/jab_enfants\/deco_pages\/ecureuil2_gris_b.jpg';\" onmouseup=\"this.src='https:\/\/enfants.jabsuisseromande.ch\/wp-content\/uploads\/jab_enfants\/deco_pages\/ecureuil2_gris.jpg';\" onmouseover=\"this.src='https:\/\/enfants.jabsuisseromande.ch\/wp-content\/uploads\/jab_enfants\/deco_pages\/camera3b_gris.jpg';\" onmouseout=\"this.src='https:\/\/enfants.jabsuisseromande.ch\/wp-content\/uploads\/jab_enfants\/deco_pages\/projo2b_gris.jpg';\" alt=\"\" src=\"https:\/\/enfants.jabsuisseromande.ch\/wp-content\/uploads\/jab_enfants\/deco_pages\/projo2b_gris.jpg\" width=\"164\" height=\"187\" \/><\/p>\n<p style=\"text-align: center;\"><span style=\"color: #ffffff;\"><span style=\"font-size: large;\"><strong><span style=\"font-family: comic sans ms,sans-serif;\">Ann\u00e9e de camp<\/span><\/strong><\/span><\/span><\/p>\n<p style=\"text-align: center;\"><a href=\"https:\/\/enfants.jabsuisseromande.ch\/index.php\/enfants\/pages-enfants\/le-coin-videos\/video-2022\"><span style=\"color: #99ccff;\"><span style=\"font-size: large;\"><strong><span style=\"font-family: comic sans ms,sans-serif;\">2022<\/span><\/strong><\/span><\/span><\/a><\/p>\n<p style=\"text-align: center;\"><a href=\"https:\/\/enfants.jabsuisseromande.ch\/index.php\/enfants\/pages-enfants\/pages-videos\/video-2023\"><span style=\"color: #ffcc99;\"><span style=\"font-size: large;\"><strong><span style=\"font-family: comic sans ms,sans-serif;\">2023<\/span><\/strong><\/span><\/span><\/a><\/p>\n<p style=\"text-align: center;\"><a href=\"https:\/\/enfants.jabsuisseromande.ch\/index.php\/enfants\/pages-enfants\/pages-videos\/video-2024\"><span style=\"color: #ccffcc;\"><span style=\"font-size: large;\"><strong><span style=\"font-family: comic sans ms,sans-serif;\">2024<\/span><\/strong><\/span><\/span><\/a><\/p>\n<p style=\"text-align: center;\"><a href=\"https:\/\/enfants.jabsuisseromande.ch\/index.php\/enfants\/pages-enfants\/pages-videos\/videos-plus-anciennes\"><span style=\"color: #ffff99;\"><span style=\"font-size: large;\"><strong><span style=\"font-family: comic sans ms,sans-serif;\">Autres<\/span><\/strong><\/span><\/span><\/a><\/p>\n<p style=\"text-align: center;\"><a href=\"https:\/\/enfants.jabsuisseromande.ch\/index.php\/enfants\/pages-enfants\/le-bon-coin\/le-coin-special-medias\"><span style=\"color: #ab5500;\"><span style=\"font-size: large;\"><strong><span style=\"font-family: comic sans ms,sans-serif;\">Sp\u00e9cial<\/span><\/strong><\/span><\/span><\/a><\/p>\n<p style=\"text-align: center;\"><span style=\"color: #9f9f9f;\"><\/span><br \/>\nPour visionner en plein \u00e9cran,<br \/>\nclique sur la derni\u00e8re ic\u00f4ne<br \/>\nde la barre de lecture vid\u00e9o<br \/>\nou simplement 2x sur l&rsquo;\u00e9cran.<\/p>\n<p>&nbsp;<\/p>\n<p style=\"text-align: center;\">\u2190 Descends ici l\u2019ascenseur pour trouver plus de vid\u00e9os. <span style=\"color: #0000ff;\"><strong><a href=\"https:\/\/enfants.jabsuisseromande.ch\/index.php\/enfants\/pages-enfants\/le-bon-coin\/contact\" target=\"_blank\" rel=\"noopener noreferrer\"><span style=\"color: #5500ff;\">\ud83d\ude42<\/span><\/a><\/strong><\/span><\/p>\n<p style=\"text-align: center;\">Bons films !<\/p>\n<p><a href=\"https:\/\/enfants.jabsuisseromande.ch\/index.php\/enfants\/pages-enfants\/le-coin-videos\"><img loading=\"lazy\" decoding=\"async\" class=\"alignright\" style=\"margin-right: 60px; background-color: #9f9f9f; border: 0pt none;\" onmousedown=\"this.src='https:\/\/enfants.jabsuisseromande.ch\/wp-content\/uploads\/jab_enfants\/web\/bouton_retour_rond_down_gris2.jpg';\" onmouseover=\"this.src='https:\/\/enfants.jabsuisseromande.ch\/wp-content\/uploads\/jab_enfants\/web\/bouton_retour_rond_down_gris2.jpg';\" onmouseout=\"this.src='https:\/\/enfants.jabsuisseromande.ch\/wp-content\/uploads\/jab_enfants\/web\/bouton_retour_rond_gris2.jpg';\" alt=\"\" src=\"https:\/\/enfants.jabsuisseromande.ch\/wp-content\/uploads\/jab_enfants\/web\/bouton_retour_rond_gris2.jpg\" width=\"70\" height=\"66\" \/><\/a><\/p>\n<\/td>\n<\/tr>\n<\/tbody>\n<\/table>\n<p><img decoding=\"async\" style=\"display: none;\" alt=\"\" src=\"https:\/\/enfants.jabsuisseromande.ch\/wp-content\/uploads\/jab_enfants\/deco_pages\/ecureuil2_gris_b.jpg\" \/><\/p>\n<p>&nbsp;<\/p>\n<p>&nbsp;<\/p>\n<p>&nbsp;<\/p>\n","protected":false},"excerpt":{"rendered":"<p>\u00a0 Films des camps des ann\u00e9es pr\u00e9c\u00e9dentes &nbsp; HTML5 (patienter un peu au d\u00e9marrage) Ann\u00e9e de camp 2022 2023 2024 Autres Sp\u00e9cial Pour visionner en plein \u00e9cran, clique sur la derni\u00e8re ic\u00f4ne de la barre de lecture vid\u00e9o ou simplement 2x sur l&rsquo;\u00e9cran. &nbsp; \u2190 Descends ici l\u2019ascenseur pour trouver plus de vid\u00e9os. \ud83d\ude42 Bons [&hellip;]<\/p>\n","protected":false},"author":3,"featured_media":0,"parent":3004,"menu_order":4,"comment_status":"open","ping_status":"closed","template":"template-full-width.php","meta":{"ngg_post_thumbnail":0,"footnotes":""},"class_list":["post-3977","page","type-page","status-publish","hentry"],"_links":{"self":[{"href":"https:\/\/enfants.jabsuisseromande.ch\/index.php\/wp-json\/wp\/v2\/pages\/3977","targetHints":{"allow":["GET"]}}],"collection":[{"href":"https:\/\/enfants.jabsuisseromande.ch\/index.php\/wp-json\/wp\/v2\/pages"}],"about":[{"href":"https:\/\/enfants.jabsuisseromande.ch\/index.php\/wp-json\/wp\/v2\/types\/page"}],"author":[{"embeddable":true,"href":"https:\/\/enfants.jabsuisseromande.ch\/index.php\/wp-json\/wp\/v2\/users\/3"}],"replies":[{"embeddable":true,"href":"https:\/\/enfants.jabsuisseromande.ch\/index.php\/wp-json\/wp\/v2\/comments?post=3977"}],"version-history":[{"count":61,"href":"https:\/\/enfants.jabsuisseromande.ch\/index.php\/wp-json\/wp\/v2\/pages\/3977\/revisions"}],"predecessor-version":[{"id":35537,"href":"https:\/\/enfants.jabsuisseromande.ch\/index.php\/wp-json\/wp\/v2\/pages\/3977\/revisions\/35537"}],"up":[{"embeddable":true,"href":"https:\/\/enfants.jabsuisseromande.ch\/index.php\/wp-json\/wp\/v2\/pages\/3004"}],"wp:attachment":[{"href":"https:\/\/enfants.jabsuisseromande.ch\/index.php\/wp-json\/wp\/v2\/media?parent=3977"}],"curies":[{"name":"wp","href":"https:\/\/api.w.org\/{rel}","templated":true}]}}